{"id":670,"date":"2019-08-12T13:11:13","date_gmt":"2019-08-12T13:11:13","guid":{"rendered":"http:\/\/www.bright-science.com\/politica-de-cookies\/"},"modified":"2021-11-11T18:10:07","modified_gmt":"2021-11-11T18:10:07","slug":"politica-de-cookies","status":"publish","type":"page","link":"https:\/\/www.bright-science.com\/es\/politica-de-cookies\/","title":{"rendered":"Pol\u00edtica de Cookies"},"content":{"rendered":"<div class=\"wpb-content-wrapper\"><p>[vc_row][vc_column][vc_column_text]<strong>El sitio web de BRIGHT SCIENCE utiliza cookies para perfeccionar su rendimiento y la experiencia de los usuarios, eliminando la necesidad de introducir repetidamente la misma informaci\u00f3n.<\/strong><\/p>\n<p>&nbsp;<\/p>\n<p><strong>1. \u00bfQU\u00c9 SON LAS COOKIES?<\/strong><\/p>\n<p>Cookies son archivos de texto almacenados en su navegador cuando visita un sitio en la internet. Estos archivos son utilizados por la mayor\u00eda de los sitios web para mejorar el rendimiento y la experiencia del usuario y s\u00f3lo recopilar informaci\u00f3n an\u00f3nima, no permitiendo acceder al ordenador de los usuarios oa cualquier informaci\u00f3n personal.<\/p>\n<p>BRIGHT SCIENCE no tiene ning\u00fan control sobre la creaci\u00f3n de cookies que sean utilizados por los proveedores de contenidos que puedan ser insertados o compartidos en el sitio web de BRIGHT SCIENCE, en particular contenidos de Youtube. Al acceder a estas publicaciones con estos contenidos de terceros, se pueden crear cookies de estos sitios web<\/p>\n<p>Puede obtener m\u00e1s informaci\u00f3n sobre las cookies en\u00a0<a href=\"http:\/\/www.allaboutcookies.org\/\">aqui<\/a>.<\/p>\n<p>&nbsp;<\/p>\n<p><strong>2. COOKIES UTILIZADOS POR BRIGHT SCIENCE<\/strong><\/p>\n<a href=\"javascript:void(0)\" class=\"wt-cli-manage-consent-link\">Revisar Consentimiento<\/a>\n<table class=\"wt-cli-element cookielawinfo-row-cat-table cookielawinfo-classic\"><thead><tr><th scope=\"col\" class=\"cookielawinfo-column-1\">Cookie<\/th><th scope=\"col\" class=\"cookielawinfo-column-2\">Tipo<\/th><th scope=\"col\" class=\"cookielawinfo-column-3\">Duraci\u00f3n<\/th><th scope=\"col\" class=\"cookielawinfo-column-4\">Descripci\u00f3n<\/th><\/tr><\/thead><tbody><tr class=\"cookielawinfo-row\"><td class=\"cookielawinfo-column-1\">1P_JAR<\/td><td class=\"cookielawinfo-column-2\">Persistente<\/td><td class=\"cookielawinfo-column-3\">1 Mes<\/td><td class=\"cookielawinfo-column-4\">Google utiliza esta cookie para recopilar estad\u00edsticas del sitio web y realizar un seguimiento de las tasas de conversi\u00f3n.<\/td><\/tr><tr class=\"cookielawinfo-row\"><td class=\"cookielawinfo-column-1\">cli_user_preference<\/td><td class=\"cookielawinfo-column-2\">Persistente<\/td><td class=\"cookielawinfo-column-3\">1 \u00c3no<\/td><td class=\"cookielawinfo-column-4\">La cookie establecida por el complemento de consentimiento de cookies de GDPR realiza un seguimiento de las autorizaciones de cookies para el dominio actual.<\/td><\/tr><tr class=\"cookielawinfo-row\"><td class=\"cookielawinfo-column-1\">CONSENT<\/td><td class=\"cookielawinfo-column-2\">Terceros<\/td><td class=\"cookielawinfo-column-3\">2 A\u00f1os<\/td><td class=\"cookielawinfo-column-4\">YouTube establece esta cookie a trav\u00e9s de videos incrustados de YouTube y registra datos estad\u00edsticos an\u00f3nimos.<\/td><\/tr><tr class=\"cookielawinfo-row\"><td class=\"cookielawinfo-column-1\">cookielawinfo-checkbox-advertisement<\/td><td class=\"cookielawinfo-column-2\">Persistente<\/td><td class=\"cookielawinfo-column-3\">1 A\u00f1o<\/td><td class=\"cookielawinfo-column-4\">Establecida por el complemento de consentimiento de cookies de GDPR, esta cookie se utiliza para registrar el consentimiento del usuario a las cookies en la categor\u00eda \"Publicidad\".<\/td><\/tr><tr class=\"cookielawinfo-row\"><td class=\"cookielawinfo-column-1\">cookielawinfo-checkbox-analytics<\/td><td class=\"cookielawinfo-column-2\">Persistente<\/td><td class=\"cookielawinfo-column-3\">11 Meses<\/td><td class=\"cookielawinfo-column-4\">Esta cookie est\u00e1 configurada por el complemento de consentimiento de cookies de GDPR. La cookie se utiliza para almacenar el consentimiento del usuario a las cookies en la categor\u00eda \"An\u00e1lisis\".<\/td><\/tr><tr class=\"cookielawinfo-row\"><td class=\"cookielawinfo-column-1\">cookielawinfo-checkbox-functional<\/td><td class=\"cookielawinfo-column-2\">Persistente<\/td><td class=\"cookielawinfo-column-3\">11 Meses<\/td><td class=\"cookielawinfo-column-4\">La cookie est\u00e1 configurada por el consentimiento de cookies de GDPR para registrar el consentimiento del usuario a las cookies en la categor\u00eda \"Funcional\".<\/td><\/tr><tr class=\"cookielawinfo-row\"><td class=\"cookielawinfo-column-1\">cookielawinfo-checkbox-necessary<\/td><td class=\"cookielawinfo-column-2\">Persistente<\/td><td class=\"cookielawinfo-column-3\">11 Meses<\/td><td class=\"cookielawinfo-column-4\">Esta cookie est\u00e1 configurada por el complemento de consentimiento de cookies de GDPR. Las cookies se utilizan para almacenar el consentimiento del usuario a las cookies en la categor\u00eda \"Requerido\".<\/td><\/tr><tr class=\"cookielawinfo-row\"><td class=\"cookielawinfo-column-1\">cookielawinfo-checkbox-others<\/td><td class=\"cookielawinfo-column-2\">Persistente<\/td><td class=\"cookielawinfo-column-3\">11 meses<\/td><td class=\"cookielawinfo-column-4\">Esta cookie est\u00e1 configurada por el complemento de consentimiento de cookies de GDPR. La cookie se utiliza para almacenar el consentimiento del usuario a las cookies en la categor\u00eda \"Otros\".<\/td><\/tr><tr class=\"cookielawinfo-row\"><td class=\"cookielawinfo-column-1\">cookielawinfo-checkbox-performance<\/td><td class=\"cookielawinfo-column-2\">Persistente<\/td><td class=\"cookielawinfo-column-3\">11 Meses<\/td><td class=\"cookielawinfo-column-4\">Esta cookie est\u00e1 configurada por el complemento de consentimiento de cookies de GDPR. La cookie se utiliza para almacenar el consentimiento del usuario a las cookies en la categor\u00eda \"Rendimiento\".<\/td><\/tr><tr class=\"cookielawinfo-row\"><td class=\"cookielawinfo-column-1\">CookieLawInfoConsent<\/td><td class=\"cookielawinfo-column-2\">Persistente<\/td><td class=\"cookielawinfo-column-3\">11 meses<\/td><td class=\"cookielawinfo-column-4\">Esta cookie est\u00e1 configurada por el complemento de consentimiento de cookies de GDPR y registra el estado del bot\u00f3n predeterminado de la categor\u00eda correspondiente, en coordinaci\u00f3n con la cookie viewed_cookie_policy.<\/td><\/tr><tr class=\"cookielawinfo-row\"><td class=\"cookielawinfo-column-1\">NID<\/td><td class=\"cookielawinfo-column-2\">Terceros<\/td><td class=\"cookielawinfo-column-3\">6 meses<\/td><td class=\"cookielawinfo-column-4\">Cookie de Google Ads para mostrar anuncios o reorientar.<\/td><\/tr><tr class=\"cookielawinfo-row\"><td class=\"cookielawinfo-column-1\">viewed_cookie_policy<\/td><td class=\"cookielawinfo-column-2\">Persistente<\/td><td class=\"cookielawinfo-column-3\">11 Meses<\/td><td class=\"cookielawinfo-column-4\">La cookie est\u00e1 configurada por el complemento de consentimiento de cookies de GDPR y se utiliza para almacenar si el usuario ha dado su consentimiento o no para el uso de cookies. No almacena ning\u00fan dato personal.<\/td><\/tr><tr class=\"cookielawinfo-row\"><td class=\"cookielawinfo-column-1\">wp-wpml_current_language<\/td><td class=\"cookielawinfo-column-2\">Persistente<\/td><td class=\"cookielawinfo-column-3\">1 d\u00eda<\/td><td class=\"cookielawinfo-column-4\">Almacena el idioma actual. Esta cookie est\u00e1 habilitada de forma predeterminada en los sitios web que utilizan filtrado de idioma para la funci\u00f3n de operaciones AJAX.<\/td><\/tr><tr class=\"cookielawinfo-row\"><td class=\"cookielawinfo-column-1\">_ga<\/td><td class=\"cookielawinfo-column-2\">Persistente<\/td><td class=\"cookielawinfo-column-3\">2 A\u00f1os<\/td><td class=\"cookielawinfo-column-4\">La cookie _ga, instalada por Google Analytics, calcula los datos de visitantes, sesiones y campa\u00f1as y tambi\u00e9n rastrea el uso del sitio web para los informes de an\u00e1lisis del sitio web. La cookie almacena informaci\u00f3n de forma an\u00f3nima y asigna un n\u00famero generado aleatoriamente para reconocer visitantes \u00fanicos.<\/td><\/tr><tr class=\"cookielawinfo-row\"><td class=\"cookielawinfo-column-1\">_gat_UA-150638182-1<\/td><td class=\"cookielawinfo-column-2\">Persistente<\/td><td class=\"cookielawinfo-column-3\">1 minuto<\/td><td class=\"cookielawinfo-column-4\">Una variaci\u00f3n de la cookie _gat establecida por Google Analytics y Google Tag Manager para permitir a los propietarios de sitios web rastrear el comportamiento de los visitantes y evaluar el rendimiento del sitio web. El elemento de patr\u00f3n en el nombre contiene el n\u00famero de identidad \u00fanico de la cuenta o sitio web con el que est\u00e1 relacionado.<\/td><\/tr><tr class=\"cookielawinfo-row\"><td class=\"cookielawinfo-column-1\">_gid<\/td><td class=\"cookielawinfo-column-2\">Persistente<\/td><td class=\"cookielawinfo-column-3\">1 D\u00eda<\/td><td class=\"cookielawinfo-column-4\">Instalada por Google Analytics, la cookie _gid almacena informaci\u00f3n sobre c\u00f3mo los visitantes utilizan un sitio web, al mismo tiempo que crea un informe anal\u00edtico del rendimiento del sitio web. Algunos de los datos recopilados incluyen el n\u00famero de visitantes, su fuente y las p\u00e1ginas que visitan de forma an\u00f3nima.<\/td><\/tr><tr class=\"cookielawinfo-row\"><td class=\"cookielawinfo-column-1\">_GRECAPTCHA<\/td><td class=\"cookielawinfo-column-2\">Sesi\u00f3n<\/td><td class=\"cookielawinfo-column-3\">Sesi\u00f3n<\/td><td class=\"cookielawinfo-column-4\">Google reCAPTCHA establece esta cookie, que protege nuestro sitio contra consultas de spam en formularios de contacto.<\/td><\/tr><tr class=\"cookielawinfo-row\"><td class=\"cookielawinfo-column-1\">__Secure-1PAPISID<\/td><td class=\"cookielawinfo-column-2\">Terceros<\/td><td class=\"cookielawinfo-column-3\">2 A\u00f1os<\/td><td class=\"cookielawinfo-column-4\">Cookie de Google, crea el perfil de inter\u00e9s de un visitante del sitio para mostrar anuncios relevantes y personalizados a trav\u00e9s de la retargeting.<\/td><\/tr><tr class=\"cookielawinfo-row\"><td class=\"cookielawinfo-column-1\">__Secure-1PSID<\/td><td class=\"cookielawinfo-column-2\">Terceros<\/td><td class=\"cookielawinfo-column-3\">2 A\u00f1os<\/td><td class=\"cookielawinfo-column-4\">Cookie de Google, crea el perfil de inter\u00e9s de un visitante del sitio para mostrar anuncios relevantes y personalizados a trav\u00e9s de la retargeting.<\/td><\/tr><tr class=\"cookielawinfo-row\"><td class=\"cookielawinfo-column-1\">__Secure-3PAPISID<\/td><td class=\"cookielawinfo-column-2\">Terceros<\/td><td class=\"cookielawinfo-column-3\">2 A\u00f1os<\/td><td class=\"cookielawinfo-column-4\">Cookie de Google, crea el perfil de inter\u00e9s de un visitante del sitio para mostrar anuncios relevantes y personalizados a trav\u00e9s de la retargeting.<\/td><\/tr><tr class=\"cookielawinfo-row\"><td class=\"cookielawinfo-column-1\">__Secure-3PSID<\/td><td class=\"cookielawinfo-column-2\">Terceros<\/td><td class=\"cookielawinfo-column-3\">2 A\u00f1os<\/td><td class=\"cookielawinfo-column-4\">Cookie de Google, crea el perfil de inter\u00e9s de un visitante del sitio para mostrar anuncios relevantes y personalizados a trav\u00e9s de la retargeting.<\/td><\/tr><tr class=\"cookielawinfo-row\"><td class=\"cookielawinfo-column-1\">__Secure-3PSIDCC<\/td><td class=\"cookielawinfo-column-2\">Terceros<\/td><td class=\"cookielawinfo-column-3\">2 A\u00f1os<\/td><td class=\"cookielawinfo-column-4\">Cookie de Google, crea el perfil de inter\u00e9s de un visitante del sitio para mostrar anuncios relevantes y personalizados a trav\u00e9s de la retargeting.<\/td><\/tr><\/tbody><\/table>\n<p>&nbsp;<\/p>\n<p><strong>3. BLOQUEAR EL USO DE COOKIES<\/strong><\/p>\n<p>Puede bloquear la creaci\u00f3n de cookies a trav\u00e9s de la configuraci\u00f3n de su navegador. Sin embargo, si bloquea todas las cookies (incluidas las cookies de inicio de sesi\u00f3n), es posible que no pueda acceder a algunas caracter\u00edsticas del sitio.<\/p>\n<p>Normalmente, todos los cambios en el nivel del navegador web referentes a la forma en que se utilizan y \/ o se aceptan las cookies se pueden realizar en la secci\u00f3n \u00abOpciones\u00bb o \u00abPreferencias del navegador\u00bb.<\/p>\n<p>Presentamos algunas instrucciones para bloquear el uso de cookies para los navegadores de Internet m\u00e1s comunes:<\/p>\n<ul>\n<li><a href=\"http:\/\/support.google.com\/chrome\/bin\/answer.py?hl=pt&amp;answer=95647\" target=\"_blank\" rel=\"noopener noreferrer\">Google Chrome<\/a><\/li>\n<li><a href=\"http:\/\/windows.microsoft.com\/pt-pt\/windows7\/how-to-manage-cookies-in-internet-explorer-9\" target=\"_blank\" rel=\"noopener noreferrer\">Internet Explorer<\/a><\/li>\n<li><a href=\"https:\/\/support.mozilla.org\/pt-PT\/kb\/ativar-e-desativar-cookies-que-os-websites-utiliza\" target=\"_blank\" rel=\"noopener noreferrer\">Mozilla Firefox<\/a><\/li>\n<li><a href=\"https:\/\/support.apple.com\/pt-pt\/HT201265\" target=\"_blank\" rel=\"noopener noreferrer\">Apple Safari<\/a><\/li>\n<\/ul>\n<p>Los usuarios pueden optar por no compartir sus datos con los servicios de Google. Para ello deben acceder a Ads Preferences Manager y al Analytics Opt-out Browser Add-on.<\/p>\n<p>&nbsp;<\/p>\n<p><strong>4. ACTUALIZACIONES DE LA DIRECTIVA DE COOKIES<\/strong><\/p>\n<p>Nuestra pol\u00edtica de cookies puede actualizarse peri\u00f3dicamente para reflejar, por ejemplo, cambios en las cookies que utilizamos, o por otros motivos operativos o legales. Por favor, pase por esta p\u00e1gina regularmente para mantenerse informado sobre el uso de cookies.<\/p>\n<p>&nbsp;<\/p>\n<p><strong>5. M\u00c1S INFORMACI\u00d3N<\/strong><\/p>\n<p>Si tiene alguna duda o inquietud, por favor, p\u00f3ngase en contacto con nosotros\u00a0<a href=\"mailto:privacy@arquiled.com\"><u>privacy@arquiled.com<\/u><\/a>.<\/p>\n<p>&nbsp;<\/p>\n<p><em>VERSI\u00d3N 1.0 en vigor a 12 de agosto de 2019<\/em>[\/vc_column_text][\/vc_column][\/vc_row]<\/p>\n<\/div>","protected":false},"excerpt":{"rendered":"<p>[vc_row][vc_column][vc_column_text]El sitio web de BRIGHT SCIENCE utiliza cookies para perfeccionar su rendimiento y la experiencia de los usuarios, eliminando la necesidad de introducir repetidamente la misma informaci\u00f3n. &nbsp; 1. \u00bfQU\u00c9 SON LAS COOKIES? Cookies son archivos de texto almacenados en su navegador cuando visita un sitio en la internet. Estos archivos son utilizados por la&hellip;<\/p>\n","protected":false},"author":5,"featured_media":0,"parent":0,"menu_order":0,"comment_status":"closed","ping_status":"closed","template":"","meta":{"footnotes":""},"class_list":["post-670","page","type-page","status-publish","hentry","description-off"],"yoast_head":"<!-- This site is optimized with the Yoast SEO plugin v27.2 - https:\/\/yoast.com\/product\/yoast-seo-wordpress\/ -->\n<title>Bright Science: Estudios de Ingenier\u00eda y Ensayos | Pol\u00edtica de Cookies<\/title>\n<meta name=\"description\" content=\"Conozca nuestro uso de cookies y otras tecnolog\u00edas similares: consulte nuestra Pol\u00edtica de cookies. | Bright Science - Estudios de Ingenier\u00eda y Ensayos de Laboratorio.\" \/>\n<meta name=\"robots\" content=\"index, follow, max-snippet:-1, max-image-preview:large, max-video-preview:-1\" \/>\n<link rel=\"canonical\" href=\"https:\/\/www.bright-science.com\/es\/politica-de-cookies\/\" \/>\n<meta property=\"og:locale\" content=\"es_ES\" \/>\n<meta property=\"og:type\" content=\"article\" \/>\n<meta property=\"og:title\" content=\"Bright Science: Estudios de Ingenier\u00eda y Ensayos | Pol\u00edtica de Cookies\" \/>\n<meta property=\"og:description\" content=\"Conozca nuestro uso de cookies y otras tecnolog\u00edas similares: consulte nuestra Pol\u00edtica de cookies. | Bright Science - Estudios de Ingenier\u00eda y Ensayos de Laboratorio.\" \/>\n<meta property=\"og:url\" content=\"https:\/\/www.bright-science.com\/es\/politica-de-cookies\/\" \/>\n<meta property=\"og:site_name\" content=\"Bright Science\" \/>\n<meta property=\"article:modified_time\" content=\"2021-11-11T18:10:07+00:00\" \/>\n<meta name=\"twitter:card\" content=\"summary_large_image\" \/>\n<meta name=\"twitter:label1\" content=\"Tiempo de lectura\" \/>\n\t<meta name=\"twitter:data1\" content=\"2 minutos\" \/>\n<script type=\"application\/ld+json\" class=\"yoast-schema-graph\">{\"@context\":\"https:\/\/schema.org\",\"@graph\":[{\"@type\":\"WebPage\",\"@id\":\"https:\/\/www.bright-science.com\/es\/politica-de-cookies\/\",\"url\":\"https:\/\/www.bright-science.com\/es\/politica-de-cookies\/\",\"name\":\"Bright Science: Estudios de Ingenier\u00eda y Ensayos | Pol\u00edtica de Cookies\",\"isPartOf\":{\"@id\":\"https:\/\/www.bright-science.com\/es\/#website\"},\"datePublished\":\"2019-08-12T13:11:13+00:00\",\"dateModified\":\"2021-11-11T18:10:07+00:00\",\"description\":\"Conozca nuestro uso de cookies y otras tecnolog\u00edas similares: consulte nuestra Pol\u00edtica de cookies. | Bright Science - Estudios de Ingenier\u00eda y Ensayos de Laboratorio.\",\"breadcrumb\":{\"@id\":\"https:\/\/www.bright-science.com\/es\/politica-de-cookies\/#breadcrumb\"},\"inLanguage\":\"es\",\"potentialAction\":[{\"@type\":\"ReadAction\",\"target\":[\"https:\/\/www.bright-science.com\/es\/politica-de-cookies\/\"]}]},{\"@type\":\"BreadcrumbList\",\"@id\":\"https:\/\/www.bright-science.com\/es\/politica-de-cookies\/#breadcrumb\",\"itemListElement\":[{\"@type\":\"ListItem\",\"position\":1,\"name\":\"In\u00edcio\",\"item\":\"https:\/\/www.bright-science.com\/es\/\"},{\"@type\":\"ListItem\",\"position\":2,\"name\":\"Pol\u00edtica de Cookies\"}]},{\"@type\":\"WebSite\",\"@id\":\"https:\/\/www.bright-science.com\/es\/#website\",\"url\":\"https:\/\/www.bright-science.com\/es\/\",\"name\":\"Bright Science\",\"description\":\"Estudos de Engenharia e Ensaios\",\"publisher\":{\"@id\":\"https:\/\/www.bright-science.com\/es\/#organization\"},\"potentialAction\":[{\"@type\":\"SearchAction\",\"target\":{\"@type\":\"EntryPoint\",\"urlTemplate\":\"https:\/\/www.bright-science.com\/es\/?s={search_term_string}\"},\"query-input\":{\"@type\":\"PropertyValueSpecification\",\"valueRequired\":true,\"valueName\":\"search_term_string\"}}],\"inLanguage\":\"es\"},{\"@type\":\"Organization\",\"@id\":\"https:\/\/www.bright-science.com\/es\/#organization\",\"name\":\"Bright Science - Estudos de Engenharia e Ensaios\",\"url\":\"https:\/\/www.bright-science.com\/es\/\",\"logo\":{\"@type\":\"ImageObject\",\"inLanguage\":\"es\",\"@id\":\"https:\/\/www.bright-science.com\/es\/#\/schema\/logo\/image\/\",\"url\":\"https:\/\/www.bright-science.com\/wp-content\/uploads\/2019\/02\/Logo-Bright-Science-Retina-Fundo-Claro.png\",\"contentUrl\":\"https:\/\/www.bright-science.com\/wp-content\/uploads\/2019\/02\/Logo-Bright-Science-Retina-Fundo-Claro.png\",\"width\":600,\"height\":220,\"caption\":\"Bright Science - Estudos de Engenharia e Ensaios\"},\"image\":{\"@id\":\"https:\/\/www.bright-science.com\/es\/#\/schema\/logo\/image\/\"},\"sameAs\":[\"https:\/\/www.linkedin.com\/company\/bright-science\/\"]}]}<\/script>\n<!-- \/ Yoast SEO plugin. -->","yoast_head_json":{"title":"Bright Science: Estudios de Ingenier\u00eda y Ensayos | Pol\u00edtica de Cookies","description":"Conozca nuestro uso de cookies y otras tecnolog\u00edas similares: consulte nuestra Pol\u00edtica de cookies. | Bright Science - Estudios de Ingenier\u00eda y Ensayos de Laboratorio.","robots":{"index":"index","follow":"follow","max-snippet":"max-snippet:-1","max-image-preview":"max-image-preview:large","max-video-preview":"max-video-preview:-1"},"canonical":"https:\/\/www.bright-science.com\/es\/politica-de-cookies\/","og_locale":"es_ES","og_type":"article","og_title":"Bright Science: Estudios de Ingenier\u00eda y Ensayos | Pol\u00edtica de Cookies","og_description":"Conozca nuestro uso de cookies y otras tecnolog\u00edas similares: consulte nuestra Pol\u00edtica de cookies. | Bright Science - Estudios de Ingenier\u00eda y Ensayos de Laboratorio.","og_url":"https:\/\/www.bright-science.com\/es\/politica-de-cookies\/","og_site_name":"Bright Science","article_modified_time":"2021-11-11T18:10:07+00:00","twitter_card":"summary_large_image","twitter_misc":{"Tiempo de lectura":"2 minutos"},"schema":{"@context":"https:\/\/schema.org","@graph":[{"@type":"WebPage","@id":"https:\/\/www.bright-science.com\/es\/politica-de-cookies\/","url":"https:\/\/www.bright-science.com\/es\/politica-de-cookies\/","name":"Bright Science: Estudios de Ingenier\u00eda y Ensayos | Pol\u00edtica de Cookies","isPartOf":{"@id":"https:\/\/www.bright-science.com\/es\/#website"},"datePublished":"2019-08-12T13:11:13+00:00","dateModified":"2021-11-11T18:10:07+00:00","description":"Conozca nuestro uso de cookies y otras tecnolog\u00edas similares: consulte nuestra Pol\u00edtica de cookies. | Bright Science - Estudios de Ingenier\u00eda y Ensayos de Laboratorio.","breadcrumb":{"@id":"https:\/\/www.bright-science.com\/es\/politica-de-cookies\/#breadcrumb"},"inLanguage":"es","potentialAction":[{"@type":"ReadAction","target":["https:\/\/www.bright-science.com\/es\/politica-de-cookies\/"]}]},{"@type":"BreadcrumbList","@id":"https:\/\/www.bright-science.com\/es\/politica-de-cookies\/#breadcrumb","itemListElement":[{"@type":"ListItem","position":1,"name":"In\u00edcio","item":"https:\/\/www.bright-science.com\/es\/"},{"@type":"ListItem","position":2,"name":"Pol\u00edtica de Cookies"}]},{"@type":"WebSite","@id":"https:\/\/www.bright-science.com\/es\/#website","url":"https:\/\/www.bright-science.com\/es\/","name":"Bright Science","description":"Estudos de Engenharia e Ensaios","publisher":{"@id":"https:\/\/www.bright-science.com\/es\/#organization"},"potentialAction":[{"@type":"SearchAction","target":{"@type":"EntryPoint","urlTemplate":"https:\/\/www.bright-science.com\/es\/?s={search_term_string}"},"query-input":{"@type":"PropertyValueSpecification","valueRequired":true,"valueName":"search_term_string"}}],"inLanguage":"es"},{"@type":"Organization","@id":"https:\/\/www.bright-science.com\/es\/#organization","name":"Bright Science - Estudos de Engenharia e Ensaios","url":"https:\/\/www.bright-science.com\/es\/","logo":{"@type":"ImageObject","inLanguage":"es","@id":"https:\/\/www.bright-science.com\/es\/#\/schema\/logo\/image\/","url":"https:\/\/www.bright-science.com\/wp-content\/uploads\/2019\/02\/Logo-Bright-Science-Retina-Fundo-Claro.png","contentUrl":"https:\/\/www.bright-science.com\/wp-content\/uploads\/2019\/02\/Logo-Bright-Science-Retina-Fundo-Claro.png","width":600,"height":220,"caption":"Bright Science - Estudos de Engenharia e Ensaios"},"image":{"@id":"https:\/\/www.bright-science.com\/es\/#\/schema\/logo\/image\/"},"sameAs":["https:\/\/www.linkedin.com\/company\/bright-science\/"]}]}},"_links":{"self":[{"href":"https:\/\/www.bright-science.com\/es\/wp-json\/wp\/v2\/pages\/670","targetHints":{"allow":["GET"]}}],"collection":[{"href":"https:\/\/www.bright-science.com\/es\/wp-json\/wp\/v2\/pages"}],"about":[{"href":"https:\/\/www.bright-science.com\/es\/wp-json\/wp\/v2\/types\/page"}],"author":[{"embeddable":true,"href":"https:\/\/www.bright-science.com\/es\/wp-json\/wp\/v2\/users\/5"}],"replies":[{"embeddable":true,"href":"https:\/\/www.bright-science.com\/es\/wp-json\/wp\/v2\/comments?post=670"}],"version-history":[{"count":0,"href":"https:\/\/www.bright-science.com\/es\/wp-json\/wp\/v2\/pages\/670\/revisions"}],"wp:attachment":[{"href":"https:\/\/www.bright-science.com\/es\/wp-json\/wp\/v2\/media?parent=670"}],"curies":[{"name":"wp","href":"https:\/\/api.w.org\/{rel}","templated":true}]}}