{"id":649,"date":"2019-08-12T13:11:23","date_gmt":"2019-08-12T13:11:23","guid":{"rendered":"http:\/\/www.bright-science.com\/termos-e-condicoes\/"},"modified":"2019-08-12T16:42:40","modified_gmt":"2019-08-12T16:42:40","slug":"terminos-y-condiciones","status":"publish","type":"page","link":"https:\/\/www.bright-science.com\/es\/terminos-y-condiciones\/","title":{"rendered":"T\u00e9rminos y condiciones de uso"},"content":{"rendered":"<div class=\"wpb-content-wrapper\"><p>[vc_row][vc_column][vc_column_text]El uso de la p\u00e1gina Web de BRIGHT SCIENCE, presupone la aceptaci\u00f3n de los t\u00e9rminos y condiciones.<\/p>\n<p>&nbsp;<\/p>\n<p>El acceso y uso de esta p\u00e1gina Web es de total responsabilidad del usuario, y por tanto, acepta plenamente y sin reservas el contenido de los t\u00e9rminos y condiciones de uso, de pol\u00edtica de privacidad y tratamiento de datos aqu\u00ed transcritos. La utilizaci\u00f3n de esta p\u00e1gina Web, as\u00ed como las relaciones entre BRIGHT SCIENCE y los usuarios se rigen por la legislaci\u00f3n portuguesa vigente.<\/p>\n<p>&nbsp;<\/p>\n<p>Los contenidos y materiales disponibles en esta p\u00e1gina de Internet, incluyendo im\u00e1genes, textos, v\u00eddeos y otros recursos interactivos y afines, as\u00ed como las marcas y logotipos o cualquier otro elemento susceptible de protecci\u00f3n por la legislaci\u00f3n de propiedad industrial o intelectual, que sean accesibles en el portal corresponden exclusivamente a BRIGHT SCIENCE, siendo expresamente prohibido su uso por terceros no autorizados.<\/p>\n<p>&nbsp;<\/p>\n<p>El contenido de la p\u00e1gina Web es facultado \u00fanicamente para informaci\u00f3n y uso personal, no siendo permitido su utilizaci\u00f3n, copia, reproducci\u00f3n, distribuci\u00f3n, difusi\u00f3n, venta, licencia o, cualquier otra forma de ser explotado para cualquier fin sin el consentimiento previo y por escrito de los respectivos propietarios. El utilizador declara no realizar uso, desactivar o interferir en recursos relacionados con la seguridad de la p\u00e1gina Web y la Aplicaci\u00f3n.<\/p>\n<p>&nbsp;<\/p>\n<p>El usuario podr\u00e1, sin embargo, imprimir el contenido de esta p\u00e1gina, siempre que el mismo no sufra cambios, sea para uso personal y no comercial, y mantenga la referencia de la fuente y los derechos de autor, y siempre que no se elimine cualquier otra referencia de propiedad.<\/p>\n<p>&nbsp;<\/p>\n<p>BRIGHT SCIENCE no se responsabiliza por los contenidos accesibles mediante links a otras p\u00e1ginas Web, que no pertenezcan a BRIGHT SCIENCE. Cualquier referencia en p\u00e1ginas Web accesibles por links, productos o servicios de tercero son de total responsabilidad de los utilizadores que asumir\u00e1n los respectivos riesgos de uso.<\/p>\n<p>&nbsp;<\/p>\n<p>BRIGHT SCIENCE se reserva el derecho a efectuar alteraciones y\/o actualizaciones, en cualquier momento sin previo aviso, en relaci\u00f3n al contenido de la p\u00e1gina Web.[\/vc_column_text][\/vc_column][\/vc_row]<\/p>\n<\/div>","protected":false},"excerpt":{"rendered":"<p>[vc_row][vc_column][vc_column_text]El uso de la p\u00e1gina Web de BRIGHT SCIENCE, presupone la aceptaci\u00f3n de los t\u00e9rminos y condiciones. &nbsp; El acceso y uso de esta p\u00e1gina Web es de total responsabilidad del usuario, y por tanto, acepta plenamente y sin reservas el contenido de los t\u00e9rminos y condiciones de uso, de pol\u00edtica de privacidad y tratamiento&hellip;<\/p>\n","protected":false},"author":5,"featured_media":0,"parent":0,"menu_order":0,"comment_status":"closed","ping_status":"closed","template":"","meta":{"footnotes":""},"class_list":["post-649","page","type-page","status-publish","hentry","description-off"],"yoast_head":"<!-- This site is optimized with the Yoast SEO plugin v27.2 - https:\/\/yoast.com\/product\/yoast-seo-wordpress\/ -->\n<title>Bright Science: Estudios de Ingenier\u00eda y Ensayos de Laboratorio | T\u00e9rminos y Condiciones<\/title>\n<meta name=\"description\" content=\"Consulte los T\u00e9rminos y condiciones de uso de nuestro sitio web. | Bright Science - Estudios de Ingenier\u00eda y Ensayos de Laboratorio.\" \/>\n<meta name=\"robots\" content=\"index, follow, max-snippet:-1, max-image-preview:large, max-video-preview:-1\" \/>\n<link rel=\"canonical\" href=\"https:\/\/www.bright-science.com\/es\/terminos-y-condiciones\/\" \/>\n<meta property=\"og:locale\" content=\"es_ES\" \/>\n<meta property=\"og:type\" content=\"article\" \/>\n<meta property=\"og:title\" content=\"Bright Science: Estudios de Ingenier\u00eda y Ensayos de Laboratorio | T\u00e9rminos y Condiciones\" \/>\n<meta property=\"og:description\" content=\"Consulte los T\u00e9rminos y condiciones de uso de nuestro sitio web. | Bright Science - Estudios de Ingenier\u00eda y Ensayos de Laboratorio.\" \/>\n<meta property=\"og:url\" content=\"https:\/\/www.bright-science.com\/es\/terminos-y-condiciones\/\" \/>\n<meta property=\"og:site_name\" content=\"Bright Science\" \/>\n<meta property=\"article:modified_time\" content=\"2019-08-12T16:42:40+00:00\" \/>\n<meta name=\"twitter:card\" content=\"summary_large_image\" \/>\n<meta name=\"twitter:label1\" content=\"Tiempo de lectura\" \/>\n\t<meta name=\"twitter:data1\" content=\"2 minutos\" \/>\n<script type=\"application\/ld+json\" class=\"yoast-schema-graph\">{\"@context\":\"https:\/\/schema.org\",\"@graph\":[{\"@type\":\"WebPage\",\"@id\":\"https:\/\/www.bright-science.com\/es\/terminos-y-condiciones\/\",\"url\":\"https:\/\/www.bright-science.com\/es\/terminos-y-condiciones\/\",\"name\":\"Bright Science: Estudios de Ingenier\u00eda y Ensayos de Laboratorio | T\u00e9rminos y Condiciones\",\"isPartOf\":{\"@id\":\"https:\/\/www.bright-science.com\/es\/#website\"},\"datePublished\":\"2019-08-12T13:11:23+00:00\",\"dateModified\":\"2019-08-12T16:42:40+00:00\",\"description\":\"Consulte los T\u00e9rminos y condiciones de uso de nuestro sitio web. | Bright Science - Estudios de Ingenier\u00eda y Ensayos de Laboratorio.\",\"breadcrumb\":{\"@id\":\"https:\/\/www.bright-science.com\/es\/terminos-y-condiciones\/#breadcrumb\"},\"inLanguage\":\"es\",\"potentialAction\":[{\"@type\":\"ReadAction\",\"target\":[\"https:\/\/www.bright-science.com\/es\/terminos-y-condiciones\/\"]}]},{\"@type\":\"BreadcrumbList\",\"@id\":\"https:\/\/www.bright-science.com\/es\/terminos-y-condiciones\/#breadcrumb\",\"itemListElement\":[{\"@type\":\"ListItem\",\"position\":1,\"name\":\"In\u00edcio\",\"item\":\"https:\/\/www.bright-science.com\/es\/\"},{\"@type\":\"ListItem\",\"position\":2,\"name\":\"T\u00e9rminos y condiciones de uso\"}]},{\"@type\":\"WebSite\",\"@id\":\"https:\/\/www.bright-science.com\/es\/#website\",\"url\":\"https:\/\/www.bright-science.com\/es\/\",\"name\":\"Bright Science\",\"description\":\"Estudos de Engenharia e Ensaios\",\"publisher\":{\"@id\":\"https:\/\/www.bright-science.com\/es\/#organization\"},\"potentialAction\":[{\"@type\":\"SearchAction\",\"target\":{\"@type\":\"EntryPoint\",\"urlTemplate\":\"https:\/\/www.bright-science.com\/es\/?s={search_term_string}\"},\"query-input\":{\"@type\":\"PropertyValueSpecification\",\"valueRequired\":true,\"valueName\":\"search_term_string\"}}],\"inLanguage\":\"es\"},{\"@type\":\"Organization\",\"@id\":\"https:\/\/www.bright-science.com\/es\/#organization\",\"name\":\"Bright Science - Estudos de Engenharia e Ensaios\",\"url\":\"https:\/\/www.bright-science.com\/es\/\",\"logo\":{\"@type\":\"ImageObject\",\"inLanguage\":\"es\",\"@id\":\"https:\/\/www.bright-science.com\/es\/#\/schema\/logo\/image\/\",\"url\":\"https:\/\/www.bright-science.com\/wp-content\/uploads\/2019\/02\/Logo-Bright-Science-Retina-Fundo-Claro.png\",\"contentUrl\":\"https:\/\/www.bright-science.com\/wp-content\/uploads\/2019\/02\/Logo-Bright-Science-Retina-Fundo-Claro.png\",\"width\":600,\"height\":220,\"caption\":\"Bright Science - Estudos de Engenharia e Ensaios\"},\"image\":{\"@id\":\"https:\/\/www.bright-science.com\/es\/#\/schema\/logo\/image\/\"},\"sameAs\":[\"https:\/\/www.linkedin.com\/company\/bright-science\/\"]}]}<\/script>\n<!-- \/ Yoast SEO plugin. -->","yoast_head_json":{"title":"Bright Science: Estudios de Ingenier\u00eda y Ensayos de Laboratorio | T\u00e9rminos y Condiciones","description":"Consulte los T\u00e9rminos y condiciones de uso de nuestro sitio web. | Bright Science - Estudios de Ingenier\u00eda y Ensayos de Laboratorio.","robots":{"index":"index","follow":"follow","max-snippet":"max-snippet:-1","max-image-preview":"max-image-preview:large","max-video-preview":"max-video-preview:-1"},"canonical":"https:\/\/www.bright-science.com\/es\/terminos-y-condiciones\/","og_locale":"es_ES","og_type":"article","og_title":"Bright Science: Estudios de Ingenier\u00eda y Ensayos de Laboratorio | T\u00e9rminos y Condiciones","og_description":"Consulte los T\u00e9rminos y condiciones de uso de nuestro sitio web. | Bright Science - Estudios de Ingenier\u00eda y Ensayos de Laboratorio.","og_url":"https:\/\/www.bright-science.com\/es\/terminos-y-condiciones\/","og_site_name":"Bright Science","article_modified_time":"2019-08-12T16:42:40+00:00","twitter_card":"summary_large_image","twitter_misc":{"Tiempo de lectura":"2 minutos"},"schema":{"@context":"https:\/\/schema.org","@graph":[{"@type":"WebPage","@id":"https:\/\/www.bright-science.com\/es\/terminos-y-condiciones\/","url":"https:\/\/www.bright-science.com\/es\/terminos-y-condiciones\/","name":"Bright Science: Estudios de Ingenier\u00eda y Ensayos de Laboratorio | T\u00e9rminos y Condiciones","isPartOf":{"@id":"https:\/\/www.bright-science.com\/es\/#website"},"datePublished":"2019-08-12T13:11:23+00:00","dateModified":"2019-08-12T16:42:40+00:00","description":"Consulte los T\u00e9rminos y condiciones de uso de nuestro sitio web. | Bright Science - Estudios de Ingenier\u00eda y Ensayos de Laboratorio.","breadcrumb":{"@id":"https:\/\/www.bright-science.com\/es\/terminos-y-condiciones\/#breadcrumb"},"inLanguage":"es","potentialAction":[{"@type":"ReadAction","target":["https:\/\/www.bright-science.com\/es\/terminos-y-condiciones\/"]}]},{"@type":"BreadcrumbList","@id":"https:\/\/www.bright-science.com\/es\/terminos-y-condiciones\/#breadcrumb","itemListElement":[{"@type":"ListItem","position":1,"name":"In\u00edcio","item":"https:\/\/www.bright-science.com\/es\/"},{"@type":"ListItem","position":2,"name":"T\u00e9rminos y condiciones de uso"}]},{"@type":"WebSite","@id":"https:\/\/www.bright-science.com\/es\/#website","url":"https:\/\/www.bright-science.com\/es\/","name":"Bright Science","description":"Estudos de Engenharia e Ensaios","publisher":{"@id":"https:\/\/www.bright-science.com\/es\/#organization"},"potentialAction":[{"@type":"SearchAction","target":{"@type":"EntryPoint","urlTemplate":"https:\/\/www.bright-science.com\/es\/?s={search_term_string}"},"query-input":{"@type":"PropertyValueSpecification","valueRequired":true,"valueName":"search_term_string"}}],"inLanguage":"es"},{"@type":"Organization","@id":"https:\/\/www.bright-science.com\/es\/#organization","name":"Bright Science - Estudos de Engenharia e Ensaios","url":"https:\/\/www.bright-science.com\/es\/","logo":{"@type":"ImageObject","inLanguage":"es","@id":"https:\/\/www.bright-science.com\/es\/#\/schema\/logo\/image\/","url":"https:\/\/www.bright-science.com\/wp-content\/uploads\/2019\/02\/Logo-Bright-Science-Retina-Fundo-Claro.png","contentUrl":"https:\/\/www.bright-science.com\/wp-content\/uploads\/2019\/02\/Logo-Bright-Science-Retina-Fundo-Claro.png","width":600,"height":220,"caption":"Bright Science - Estudos de Engenharia e Ensaios"},"image":{"@id":"https:\/\/www.bright-science.com\/es\/#\/schema\/logo\/image\/"},"sameAs":["https:\/\/www.linkedin.com\/company\/bright-science\/"]}]}},"_links":{"self":[{"href":"https:\/\/www.bright-science.com\/es\/wp-json\/wp\/v2\/pages\/649","targetHints":{"allow":["GET"]}}],"collection":[{"href":"https:\/\/www.bright-science.com\/es\/wp-json\/wp\/v2\/pages"}],"about":[{"href":"https:\/\/www.bright-science.com\/es\/wp-json\/wp\/v2\/types\/page"}],"author":[{"embeddable":true,"href":"https:\/\/www.bright-science.com\/es\/wp-json\/wp\/v2\/users\/5"}],"replies":[{"embeddable":true,"href":"https:\/\/www.bright-science.com\/es\/wp-json\/wp\/v2\/comments?post=649"}],"version-history":[{"count":0,"href":"https:\/\/www.bright-science.com\/es\/wp-json\/wp\/v2\/pages\/649\/revisions"}],"wp:attachment":[{"href":"https:\/\/www.bright-science.com\/es\/wp-json\/wp\/v2\/media?parent=649"}],"curies":[{"name":"wp","href":"https:\/\/api.w.org\/{rel}","templated":true}]}}