{"id":639,"date":"2019-02-18T10:26:58","date_gmt":"2019-02-18T10:26:58","guid":{"rendered":"http:\/\/www.bright-science.com\/politica-de-privacidade\/"},"modified":"2023-09-01T16:29:55","modified_gmt":"2023-09-01T16:29:55","slug":"politica-de-privacidad","status":"publish","type":"page","link":"https:\/\/www.bright-science.com\/es\/politica-de-privacidad\/","title":{"rendered":"Pol\u00edtica de Privacidad"},"content":{"rendered":"<div class=\"wpb-content-wrapper\"><p>[vc_row][vc_column][vc_column_text]<strong>El sitio web de BRIGHT SCIENCE asegura a sus usuarios privacidad y seguridad en los datos facilitados para los diversos servicios disponibles, siendo s\u00f3lo pedidos y recogidos los datos necesarios para la prestaci\u00f3n del servicio de acuerdo con las indicaciones expl\u00edcitas en el sitio y las opciones del usuario.<\/strong><\/p>\n<p>&nbsp;<\/p>\n<p><strong>1. PRIVACIDAD Y PROTECCI\u00d3N DE DATOS PERSONALES<\/strong><\/p>\n<p>A BRIGHT SCIENCE \u2013 Estudos de Engenharia e Ensaios Unipessoal Lda se compromete a respectar y proteger la privacidad y los datos personales de los usuarios del sitio web, de acuerdo con los requisitos aprobados por el Reglamento EU 679\/2016, del Parlamento Europeo y del Consejo Europeo, de 27 de abril de 2016 .<\/p>\n<p>En general, el sitio web de BRIGHT SCIENCE puede ser visitado sin que sea necesario revelar cualquier informaci\u00f3n personal. Existen, sin embargo, \u00e1reas del sitio donde necesitamos que los usuarios suministren sus datos personales, para que disfruten de los servicios all\u00ed disponibles.<\/p>\n<p>Recomendamos que los usuarios adopten medidas de seguridad adicionales, como el mantenimiento de equipos y programas correctamente configurados y actualizados, el uso de protecci\u00f3n contra software malicioso y de firewall, y la no navegaci\u00f3n en sitios web en los que no tenga las debidas garant\u00edas de autenticidad.<\/p>\n<p>El uso de este sitio web implica la aceptaci\u00f3n de la Pol\u00edtica de Privacidad y Cookies. Se aconseja la lectura de esta Pol\u00edtica, que puede ser revisada o alterada en cualquier momento. Todos los cambios ser\u00e1n divulgados en el sitio web.<\/p>\n<p>&nbsp;<\/p>\n<p><strong>2. REDES SOCIALES Y ENLACES A SITIOS WEB EXTERNOS<\/strong><\/p>\n<p>El sitio web de BRIGHT SCIENCE incluye recursos de redes sociales, incluyendo el \u00abCompartir\u00bb o el bot\u00f3n \u00abSeguir\u00bb de Facebook y LinkedIn.<\/p>\n<p>Estas caracter\u00edsticas pueden recopilar su direcci\u00f3n IP y la p\u00e1gina que est\u00e1 navegando en nuestro sitio web, y pueden crear una cookie para que la funcionalidad se ejecute correctamente. Sus interacciones con estas funcionalidades son gestionadas por la pol\u00edtica de privacidad de BRIGHT SCIENCE.<\/p>\n<p>En nuestro sitio web encontrar\u00e1 enlaces a sitios web de terceros. No podemos controlar la forma en que estos sitios recopilan y tratan sus datos y no podemos responsabilizarnos de esa recogida y tratamiento, ni de la exactitud, credibilidad o funcionalidad de estos sitios web. BRIGHT SCIENCE no se responsabiliza por las pol\u00edticas de privacidad o contenido de esos sitios.<\/p>\n<p>&nbsp;<\/p>\n<p><strong>3. DATOS PERSONALES<\/strong><\/p>\n<p>Los datos personales son la informaci\u00f3n relativa a una persona f\u00edsica identificada o identificable. Esta informaci\u00f3n puede ser de cualquier naturaleza y encontrarse en cualquier soporte, incluyendo sonido e imagen.<\/p>\n<p>Se considera identificable la persona que pueda ser identificada directa o indirectamente, en particular por referencia a un n\u00famero de identificaci\u00f3n, oa uno o m\u00e1s elementos espec\u00edficos de su identidad f\u00edsica, fisiol\u00f3gica, ps\u00edquica, econ\u00f3mica, cultural o social.<\/p>\n<p>Esta informaci\u00f3n puede incluir la direcci\u00f3n IP, el tipo de navegador, el dominio, los tiempos de acceso y las direcciones de los sitios web de referencia. Esta informaci\u00f3n se utiliza para el funcionamiento del servicio a fin de garantizar la calidad del mismo y proporcionar estad\u00edsticas generales sobre el uso del sitio web de BRIGHT SCIENCE. Estos datos recopilados se vinculan autom\u00e1ticamente a la informaci\u00f3n personalmente identificable, como el nombre y la direcci\u00f3n de correo electr\u00f3nico.<\/p>\n<p>Su informaci\u00f3n personal s\u00f3lo se utiliza para garantizar la relevancia de los contenidos de nuestro sitio web para sus necesidades e intereses, as\u00ed como para alertarle sobre actualizaciones de productos, ofertas especiales, eventos y otra informaci\u00f3n pertinente que pueda ser de su inter\u00e9s.<\/p>\n<p>BRIGHT SCIENCE asume la responsabilidad de proteger la privacidad y los datos de todos los usuarios. Los datos personales no se comparte con terceros y s\u00f3lo se utilizan con el consentimiento del usuario para las campa\u00f1as de marketing o para la entrega de nuestro bolet\u00edn.<\/p>\n<p>&nbsp;<\/p>\n<p><strong>4. COOKIES<\/strong><\/p>\n<p>Cookies son archivos de texto almacenados en su navegador cuando visita un sitio web. Estos archivos son utilizados por la mayor\u00eda de los sitios web para mejorar el rendimiento y la experiencia del usuario y s\u00f3lo recopilar informaci\u00f3n an\u00f3nima, no permitiendo acceder al ordenador de los usuarios oa cualquier informaci\u00f3n personal.<\/p>\n<p>Puede obtener m\u00e1s informaci\u00f3n sobre las cookies en <a href=\"http:\/\/www.allaboutcookies.org\">aqu\u00ed<\/a>.<\/p>\n<p>Para saber exactamente c\u00f3mo utilizamos las cookies y c\u00f3mo puede gestionarlas, consulte nuestra p\u00e1gina de Cookies <a href=\"\/es\/politica-de-cookies\/\">aqu\u00ed<\/a>.<\/p>\n<p>&nbsp;<\/p>\n<p><strong>5. RESPONSABLE DE LA RECOGIDA Y EL TRATAMIENTO DE DATOS PERSONALES<\/strong><\/p>\n<p>BRIGHT SCIENCE \u2013 Estudos de Engenharia e Ensaios Unipessoal Lda. es responsable del tratamiento de los datos personales de los usuarios del sitio web <u><a href=\"http:\/\/www.bright-science.com\/es\">www.bright-science.com\/<\/a><\/u>.<\/p>\n<p>El usuario debe leer con atenci\u00f3n esta pol\u00edtica de privacidad y decidir de forma libre si desea proporcionar sus datos personales a BRIGHT SCIENCE antes de utilizar el sitio web. El usuario garantiza que es mayor de edad y que los datos comunicados son verdaderos, exactos, completos y actuales, siendo responsable de cualquier desconformidad. Si los datos comunicados pertenecen a un tercero, el usuario garantiza que ha informado a dicho tercero sobre las condiciones previstas en este documento y que ha obtenido su autorizaci\u00f3n para facilitar sus datos a BRIGHT SCIENCE para los fines indicados.<\/p>\n<p>&nbsp;<\/p>\n<p><strong>6. RECOGIDA Y TRATAMIENTO DE DATOS PERSONALES<\/strong><\/p>\n<p>&nbsp;<\/p>\n<p><strong>Datos personales:<\/strong><\/p>\n<p>La informaci\u00f3n personal recopilada por BRIGHT SCIENCE es proporcionada voluntariamente por los usuarios de nuestro sitio web, por ejemplo, en las situaciones en que cumplen un formulario o suscriben el bolet\u00edn.<\/p>\n<p>Los datos recopilados pueden variar seg\u00fan las situaciones e incluir, entre otros, el nombre del usuario, su direcci\u00f3n de correo electr\u00f3nico, direcci\u00f3n o n\u00famero de tel\u00e9fono.<\/p>\n<p>&nbsp;<\/p>\n<p><strong>Otros datos:<\/strong><\/p>\n<p>BRIGHT SCIENCE tambi\u00e9n recoge informaci\u00f3n an\u00f3nima cuando los usuarios visitan el sitio web. Esta informaci\u00f3n puede incluir, por ejemplo, el tipo de dispositivo, el sistema operativo y los exploradores utilizados para acceder al sitio, la ubicaci\u00f3n geogr\u00e1fica, la duraci\u00f3n de la visita y el n\u00famero de p\u00e1ginas visitadas. Sin embargo, no puede relacionar estos datos con usuarios individuales.<\/p>\n<p>Tambi\u00e9n podemos recopilar informaci\u00f3n personal de las solicitudes de trabajo (como su CV, el formulario de solicitud y la carta).<\/p>\n<p>Cuando enviamos correos electr\u00f3nicos a clientes registrados, podemos rastrear qui\u00e9n ha abierto los e-mails y qui\u00e9n ha hecho clic en cualquiera de los v\u00ednculos. Hacemos esto para medir el rendimiento de nuestras campa\u00f1as de correo electr\u00f3nico y para mejorar nuestras ofertas. Si en el futuro, los destinatarios de tales comunicaciones prefieren no recibir las mismas podr\u00e1n hacerlo utilizando el recurso \u00abunsubscribe\u00bb proporcionado en la propia comunicaci\u00f3n.<\/p>\n<p>&nbsp;<\/p>\n<p><strong>7. \u00bfC\u00d3MO USAMOS USA INFORMACI\u00d3N?<\/strong><\/p>\n<p>BRIGHT SCIENCE puede tratar datos personales con los siguientes prop\u00f3sitos:<\/p>\n<ul>\n<li>Celebrar contratos con usted;<\/li>\n<li>enviarle informaci\u00f3n que solicite o que pueda ser de su inter\u00e9s en base a sus preferencias;<\/li>\n<li>invitarle a participar en acciones de formaci\u00f3n u otros eventos organizados por BRIGHT SCIENCE;<\/li>\n<li>comunicarse con usted y responder a sus preguntas;<\/li>\n<li>mejorar continuamente nuestros productos y servicio;<\/li>\n<li>y para todos los dem\u00e1s prop\u00f3sitos que est\u00e1n directamente relacionados con nuestra relaci\u00f3n profesional, ya sea un cliente, un proveedor o otro interlocutor comercial.<\/li>\n<\/ul>\n<p>Cada vez que recopilamos datos personales le informaremos sobre el prop\u00f3sito espec\u00edfico de los mismos a fin de dar total transparencia sobre lo que hacemos con sus datos personales.<\/p>\n<p>&nbsp;<\/p>\n<p><strong>8. PER\u00cdODO DE CONSERVACI\u00d3N DE DATOS PERSONALES<\/strong><\/p>\n<p>BRIGHT SCIENCE mantendr\u00e1 su informaci\u00f3n durante el tiempo que su cuenta est\u00e9 activa o mientras sea necesario para proporcionarle servicios. En cualquier momento puede cambiar su informaci\u00f3n personal o cancelar el consentimiento.<\/p>\n<p>Para preguntas relacionadas con la privacidad y la protecci\u00f3n de datos, por favor, p\u00f3ngase en contacto con el correo electr\u00f3nico: <a href=\"mailto:privacy@arquiled.com\">privacy@arquiled.com<\/a>.<\/p>\n<p>.<\/p>\n<p>Toda la informaci\u00f3n recogida ser\u00e1 tratada exclusivamente por BRIGHT SCIENCE. As\u00ed, nos comprometemos a no vender, intercambiar, alquilar o compartir con terceros esos datos sin el consentimiento del usuario, a menos que est\u00e9 obligado y en el estricto cumplimiento de una decisi\u00f3n judicial o orden de organismo competente dotado de autoridad.<\/p>\n<p>Podemos comunicar sus datos personales a otras empresas BRIGHT SCIENCE para ejecutar el contrato que hemos celebrado con usted o para recopilar informaci\u00f3n o documentaci\u00f3n que nos han solicitado.<\/p>\n<p>Tambi\u00e9n podemos compartir sus datos con los proveedores de servicios, contratistas y subcontratistas que apoyan nuestro negocio para ayudarnos a proporcionar los mejores productos y servicios o organizar eventos. Por ejemplo, podemos utilizar un proveedor de servicios para procesar informaci\u00f3n de pago, proporcionar an\u00e1lisis o utilizar el software de terceros para gestionar nuestro sistema CRM. Cuando usamos prestadores de servicios externos, el acceso a sus datos est\u00e1 limitado a lo estrictamente necesario para que dicho proveedor de servicios pueda realizar tareas en nuestro nombre. Estos proveedores de servicios est\u00e1n prohibidos de usar su informaci\u00f3n personal para cualquier prop\u00f3sito adem\u00e1s de prestar esta asistencia y est\u00e1n obligados obligatoriamente a proteger la informaci\u00f3n personal divulgada por BRIGHT SCIENCE y respetar los principios generales de privacidad descritos en esta Pol\u00edtica de Privacidad.<\/p>\n<p>&nbsp;<\/p>\n<p><strong>9. SEGURIDAD<\/strong><\/p>\n<p>BRIGHT SCIENCE ha implementado normas internas de seguridad y privacidad:<\/p>\n<ul>\n<li>Proceder al tratamiento de datos de forma l\u00edcita y leal, recogiendo s\u00f3lo la informaci\u00f3n necesaria y pertinente a la finalidad a que se destinan;<\/li>\n<li>no utilizar los datos recogidos para fines incompatibles con los de la recogida;<\/li>\n<li>garantizar el consentimiento expreso del titular de los datos cuando sea necesario;<\/li>\n<li>Garantizar gratuitamente el derecho de eliminaci\u00f3n de los datos utilizados cuando sea requerido por el titular;<\/li>\n<li>Tener sistemas de seguridad que impidan la consulta, modificaci\u00f3n o destrucci\u00f3n de los datos por persona no autorizada a hacerlo y que permitan detectar desv\u00edos de informaci\u00f3n intencional o no.<\/li>\n<\/ul>\n<p>&nbsp;<\/p>\n<p><strong>10. DERECHOS DE LOS USUARIOS<\/strong><\/p>\n<p>En virtud de la legislaci\u00f3n vigente en materia de protecci\u00f3n de los datos personales, informamos que est\u00e1n garantizados al titular de los datos:<\/p>\n<p>&nbsp;<\/p>\n<ul>\n<li><strong>Derecho a ser informado<\/strong>\n<ul>\n<li>En el momento de la recogida de los datos personales:\n<ul>\n<li>Dos contactos do respons\u00e1vel pelo tratamento<\/li>\n<li>Da(s) finalidades de tratamento<\/li>\n<li>Do tempo limite de conserva\u00e7\u00e3o<\/li>\n<li>Dos seus direitos enquanto titulares de dados pessoais<\/li>\n<li>Da possibilidade de recurso \u00e0 autoridade de controlo para apresenta\u00e7\u00e3o de queixa (e respetivos contactos)<\/li>\n<li>Da (eventual) exist\u00eancia de decis\u00f5es automatizadas e\/ou <em>profiling<\/em>.<\/li>\n<\/ul>\n<\/li>\n<li>Preguntar qu\u00e9 informaci\u00f3n <strong>BRIGHT SCIENCE<\/strong> tiene sobre ellos y por qu\u00e9;<\/li>\n<li>Saber donde est\u00e1n almacenados, y c\u00f3mo son tratados sus datos;<\/li>\n<li>Ser informado de c\u00f3mo <strong>BRIGHT SCIENCE<\/strong> cumple sus obligaciones de protecci\u00f3n de datos.<\/li>\n<\/ul>\n<\/li>\n<\/ul>\n<p>&nbsp;<\/p>\n<ul>\n<li><strong>Derecho de acceso<\/strong>\n<ul>\n<li>Confirmaci\u00f3n de la existencia o no tratamiento de sus datos personales;;<\/li>\n<li>Preguntar c\u00f3mo obtener acceso a sus datos;<\/li>\n<li>Hacer copias de los datos personales tratados, preferentemente en formato exportable.<\/li>\n<\/ul>\n<\/li>\n<\/ul>\n<p>&nbsp;<\/p>\n<ul>\n<li><strong>Derecho a corregir, borrar y bloquear<\/strong>\n<ul>\n<li>El ser informado sobre c\u00f3mo mantenerlos actualizados;<\/li>\n<li>Obtener rectificaci\u00f3n de datos obsoletos, incorrectos o incompletos;<\/li>\n<li>Posibilidad de borrado de datos personales que ya no sean necesarios para la finalidad;<\/li>\n<li>Bloquear el tratamiento de estos datos para verificar la exactitud u oposici\u00f3n.<\/li>\n<\/ul>\n<\/li>\n<\/ul>\n<p>&nbsp;<\/p>\n<ul>\n<li><strong>Derecho a la limitaci\u00f3n<\/strong>\n<ul>\n<li>Contestaci\u00f3n de la exactitud de los datos personales, durante un per\u00edodo que permita al responsable del tratamiento verificar su exactitud.<\/li>\n<\/ul>\n<\/li>\n<\/ul>\n<p>&nbsp;<\/p>\n<ul>\n<li><strong>Direito a la eliminaci\u00f3n \/ olvido<\/strong>\n<ul>\n<li>Solicitar la remoci\u00f3n de sus datos y la eliminaci\u00f3n definitiva de los que no colisionan con obligaciones legales.<\/li>\n<\/ul>\n<\/li>\n<\/ul>\n<p>&nbsp;<\/p>\n<ul>\n<li><strong>Derecho a la portabilidad<\/strong>\n<ul>\n<li>Solicitar la portabilidad de sus datos;<\/li>\n<li>Posibilidad de solicitar sus datos personales en un formato de uso frecuente o com\u00fan, para operar la transferencia a otra organizaci\u00f3n, aunque concurrente.<\/li>\n<\/ul>\n<\/li>\n<\/ul>\n<p>&nbsp;<\/p>\n<p>El ejercicio de los derechos por parte de los titulares podr\u00e1 hacerse a trav\u00e9s de formularios propios disponibles en el sitio web de BRIGHT SCIENCE o, sin recurrir a los formularios disponibles, a trav\u00e9s de la direcci\u00f3n de correo electr\u00f3nico <u><a href=\"mailto:privacy@arquiled.com\">privacy@arquiled.com<\/a><\/u>, bien por la v\u00eda postal, dirigiendo misiva con los datos siguientes:<\/p>\n<p><strong>Asunto: Ejercicio de derechos de protecci\u00f3n de datos personales<\/strong><\/p>\n<p><strong>A\/C: Privacy ARQUILED<\/strong><\/p>\n<p><strong>Rua Jo\u00e3o Chagas, 8C, Dto.<\/strong><\/p>\n<p><strong>1500-493 Lisboa<\/strong><\/p>\n<p><strong>Portugal<\/strong><\/p>\n<p>&nbsp;<\/p>\n<p><strong>11. CAMBIO<\/strong><\/p>\n<p>Para garantizar que nuestra Pol\u00edtica de Privacidad sigue actualizada de acuerdo con las \u00faltimas exigencias legales o cualquier cambio en nuestras pr\u00e1cticas de gesti\u00f3n de privacidad, tendremos que cambiar esta pol\u00edtica peri\u00f3dicamente. Al proceder a estas modificaciones, podemos notificarle, cuando sea necesario. La copia de la versi\u00f3n m\u00e1s reciente de esta Pol\u00edtica de Privacidad estar\u00e1 siempre disponible en esta p\u00e1gina.<\/p>\n<p>&nbsp;<\/p>\n<p><em>VERSI\u00d3N 1.1 en vigor a 31 de enero de 2023<\/em>[\/vc_column_text][\/vc_column][\/vc_row]<\/p>\n<\/div>","protected":false},"excerpt":{"rendered":"<p>[vc_row][vc_column][vc_column_text]El sitio web de BRIGHT SCIENCE asegura a sus usuarios privacidad y seguridad en los datos facilitados para los diversos servicios disponibles, siendo s\u00f3lo pedidos y recogidos los datos necesarios para la prestaci\u00f3n del servicio de acuerdo con las indicaciones expl\u00edcitas en el sitio y las opciones del usuario. &nbsp; 1. PRIVACIDAD Y PROTECCI\u00d3N DE&hellip;<\/p>\n","protected":false},"author":5,"featured_media":0,"parent":0,"menu_order":0,"comment_status":"closed","ping_status":"closed","template":"","meta":{"footnotes":""},"class_list":["post-639","page","type-page","status-publish","hentry","description-off"],"yoast_head":"<!-- This site is optimized with the Yoast SEO plugin v27.2 - https:\/\/yoast.com\/product\/yoast-seo-wordpress\/ -->\n<title>Bright Science: Estudios de Ingenier\u00eda y Ensayos | Pol\u00edtica de Privacidad<\/title>\n<meta name=\"description\" content=\"La informaci\u00f3n recopilada nos ayuda a proporcionarle una visita a nuestra p\u00e1gina web m\u00e1s sencilla y agradable e a comunicarnos con usted. Obtenga m\u00e1s informaci\u00f3n sobre la pol\u00edtica de privacidad Bright Science.\" \/>\n<meta name=\"robots\" content=\"index, follow, max-snippet:-1, max-image-preview:large, max-video-preview:-1\" \/>\n<link rel=\"canonical\" href=\"https:\/\/www.bright-science.com\/es\/politica-de-privacidad\/\" \/>\n<meta property=\"og:locale\" content=\"es_ES\" \/>\n<meta property=\"og:type\" content=\"article\" \/>\n<meta property=\"og:title\" content=\"Bright Science: Estudios de Ingenier\u00eda y Ensayos | Pol\u00edtica de Privacidad\" \/>\n<meta property=\"og:description\" content=\"La informaci\u00f3n recopilada nos ayuda a proporcionarle una visita a nuestra p\u00e1gina web m\u00e1s sencilla y agradable e a comunicarnos con usted. Obtenga m\u00e1s informaci\u00f3n sobre la pol\u00edtica de privacidad Bright Science.\" \/>\n<meta property=\"og:url\" content=\"https:\/\/www.bright-science.com\/es\/politica-de-privacidad\/\" \/>\n<meta property=\"og:site_name\" content=\"Bright Science\" \/>\n<meta property=\"article:modified_time\" content=\"2023-09-01T16:29:55+00:00\" \/>\n<meta name=\"twitter:card\" content=\"summary_large_image\" \/>\n<meta name=\"twitter:label1\" content=\"Tiempo de lectura\" \/>\n\t<meta name=\"twitter:data1\" content=\"11 minutos\" \/>\n<script type=\"application\/ld+json\" class=\"yoast-schema-graph\">{\"@context\":\"https:\/\/schema.org\",\"@graph\":[{\"@type\":\"WebPage\",\"@id\":\"https:\/\/www.bright-science.com\/es\/politica-de-privacidad\/\",\"url\":\"https:\/\/www.bright-science.com\/es\/politica-de-privacidad\/\",\"name\":\"Bright Science: Estudios de Ingenier\u00eda y Ensayos | Pol\u00edtica de Privacidad\",\"isPartOf\":{\"@id\":\"https:\/\/www.bright-science.com\/es\/#website\"},\"datePublished\":\"2019-02-18T10:26:58+00:00\",\"dateModified\":\"2023-09-01T16:29:55+00:00\",\"description\":\"La informaci\u00f3n recopilada nos ayuda a proporcionarle una visita a nuestra p\u00e1gina web m\u00e1s sencilla y agradable e a comunicarnos con usted. Obtenga m\u00e1s informaci\u00f3n sobre la pol\u00edtica de privacidad Bright Science.\",\"breadcrumb\":{\"@id\":\"https:\/\/www.bright-science.com\/es\/politica-de-privacidad\/#breadcrumb\"},\"inLanguage\":\"es\",\"potentialAction\":[{\"@type\":\"ReadAction\",\"target\":[\"https:\/\/www.bright-science.com\/es\/politica-de-privacidad\/\"]}]},{\"@type\":\"BreadcrumbList\",\"@id\":\"https:\/\/www.bright-science.com\/es\/politica-de-privacidad\/#breadcrumb\",\"itemListElement\":[{\"@type\":\"ListItem\",\"position\":1,\"name\":\"In\u00edcio\",\"item\":\"https:\/\/www.bright-science.com\/es\/\"},{\"@type\":\"ListItem\",\"position\":2,\"name\":\"Pol\u00edtica de Privacidad\"}]},{\"@type\":\"WebSite\",\"@id\":\"https:\/\/www.bright-science.com\/es\/#website\",\"url\":\"https:\/\/www.bright-science.com\/es\/\",\"name\":\"Bright Science\",\"description\":\"Estudos de Engenharia e Ensaios\",\"publisher\":{\"@id\":\"https:\/\/www.bright-science.com\/es\/#organization\"},\"potentialAction\":[{\"@type\":\"SearchAction\",\"target\":{\"@type\":\"EntryPoint\",\"urlTemplate\":\"https:\/\/www.bright-science.com\/es\/?s={search_term_string}\"},\"query-input\":{\"@type\":\"PropertyValueSpecification\",\"valueRequired\":true,\"valueName\":\"search_term_string\"}}],\"inLanguage\":\"es\"},{\"@type\":\"Organization\",\"@id\":\"https:\/\/www.bright-science.com\/es\/#organization\",\"name\":\"Bright Science - Estudos de Engenharia e Ensaios\",\"url\":\"https:\/\/www.bright-science.com\/es\/\",\"logo\":{\"@type\":\"ImageObject\",\"inLanguage\":\"es\",\"@id\":\"https:\/\/www.bright-science.com\/es\/#\/schema\/logo\/image\/\",\"url\":\"https:\/\/www.bright-science.com\/wp-content\/uploads\/2019\/02\/Logo-Bright-Science-Retina-Fundo-Claro.png\",\"contentUrl\":\"https:\/\/www.bright-science.com\/wp-content\/uploads\/2019\/02\/Logo-Bright-Science-Retina-Fundo-Claro.png\",\"width\":600,\"height\":220,\"caption\":\"Bright Science - Estudos de Engenharia e Ensaios\"},\"image\":{\"@id\":\"https:\/\/www.bright-science.com\/es\/#\/schema\/logo\/image\/\"},\"sameAs\":[\"https:\/\/www.linkedin.com\/company\/bright-science\/\"]}]}<\/script>\n<!-- \/ Yoast SEO plugin. -->","yoast_head_json":{"title":"Bright Science: Estudios de Ingenier\u00eda y Ensayos | Pol\u00edtica de Privacidad","description":"La informaci\u00f3n recopilada nos ayuda a proporcionarle una visita a nuestra p\u00e1gina web m\u00e1s sencilla y agradable e a comunicarnos con usted. Obtenga m\u00e1s informaci\u00f3n sobre la pol\u00edtica de privacidad Bright Science.","robots":{"index":"index","follow":"follow","max-snippet":"max-snippet:-1","max-image-preview":"max-image-preview:large","max-video-preview":"max-video-preview:-1"},"canonical":"https:\/\/www.bright-science.com\/es\/politica-de-privacidad\/","og_locale":"es_ES","og_type":"article","og_title":"Bright Science: Estudios de Ingenier\u00eda y Ensayos | Pol\u00edtica de Privacidad","og_description":"La informaci\u00f3n recopilada nos ayuda a proporcionarle una visita a nuestra p\u00e1gina web m\u00e1s sencilla y agradable e a comunicarnos con usted. Obtenga m\u00e1s informaci\u00f3n sobre la pol\u00edtica de privacidad Bright Science.","og_url":"https:\/\/www.bright-science.com\/es\/politica-de-privacidad\/","og_site_name":"Bright Science","article_modified_time":"2023-09-01T16:29:55+00:00","twitter_card":"summary_large_image","twitter_misc":{"Tiempo de lectura":"11 minutos"},"schema":{"@context":"https:\/\/schema.org","@graph":[{"@type":"WebPage","@id":"https:\/\/www.bright-science.com\/es\/politica-de-privacidad\/","url":"https:\/\/www.bright-science.com\/es\/politica-de-privacidad\/","name":"Bright Science: Estudios de Ingenier\u00eda y Ensayos | Pol\u00edtica de Privacidad","isPartOf":{"@id":"https:\/\/www.bright-science.com\/es\/#website"},"datePublished":"2019-02-18T10:26:58+00:00","dateModified":"2023-09-01T16:29:55+00:00","description":"La informaci\u00f3n recopilada nos ayuda a proporcionarle una visita a nuestra p\u00e1gina web m\u00e1s sencilla y agradable e a comunicarnos con usted. Obtenga m\u00e1s informaci\u00f3n sobre la pol\u00edtica de privacidad Bright Science.","breadcrumb":{"@id":"https:\/\/www.bright-science.com\/es\/politica-de-privacidad\/#breadcrumb"},"inLanguage":"es","potentialAction":[{"@type":"ReadAction","target":["https:\/\/www.bright-science.com\/es\/politica-de-privacidad\/"]}]},{"@type":"BreadcrumbList","@id":"https:\/\/www.bright-science.com\/es\/politica-de-privacidad\/#breadcrumb","itemListElement":[{"@type":"ListItem","position":1,"name":"In\u00edcio","item":"https:\/\/www.bright-science.com\/es\/"},{"@type":"ListItem","position":2,"name":"Pol\u00edtica de Privacidad"}]},{"@type":"WebSite","@id":"https:\/\/www.bright-science.com\/es\/#website","url":"https:\/\/www.bright-science.com\/es\/","name":"Bright Science","description":"Estudos de Engenharia e Ensaios","publisher":{"@id":"https:\/\/www.bright-science.com\/es\/#organization"},"potentialAction":[{"@type":"SearchAction","target":{"@type":"EntryPoint","urlTemplate":"https:\/\/www.bright-science.com\/es\/?s={search_term_string}"},"query-input":{"@type":"PropertyValueSpecification","valueRequired":true,"valueName":"search_term_string"}}],"inLanguage":"es"},{"@type":"Organization","@id":"https:\/\/www.bright-science.com\/es\/#organization","name":"Bright Science - Estudos de Engenharia e Ensaios","url":"https:\/\/www.bright-science.com\/es\/","logo":{"@type":"ImageObject","inLanguage":"es","@id":"https:\/\/www.bright-science.com\/es\/#\/schema\/logo\/image\/","url":"https:\/\/www.bright-science.com\/wp-content\/uploads\/2019\/02\/Logo-Bright-Science-Retina-Fundo-Claro.png","contentUrl":"https:\/\/www.bright-science.com\/wp-content\/uploads\/2019\/02\/Logo-Bright-Science-Retina-Fundo-Claro.png","width":600,"height":220,"caption":"Bright Science - Estudos de Engenharia e Ensaios"},"image":{"@id":"https:\/\/www.bright-science.com\/es\/#\/schema\/logo\/image\/"},"sameAs":["https:\/\/www.linkedin.com\/company\/bright-science\/"]}]}},"_links":{"self":[{"href":"https:\/\/www.bright-science.com\/es\/wp-json\/wp\/v2\/pages\/639","targetHints":{"allow":["GET"]}}],"collection":[{"href":"https:\/\/www.bright-science.com\/es\/wp-json\/wp\/v2\/pages"}],"about":[{"href":"https:\/\/www.bright-science.com\/es\/wp-json\/wp\/v2\/types\/page"}],"author":[{"embeddable":true,"href":"https:\/\/www.bright-science.com\/es\/wp-json\/wp\/v2\/users\/5"}],"replies":[{"embeddable":true,"href":"https:\/\/www.bright-science.com\/es\/wp-json\/wp\/v2\/comments?post=639"}],"version-history":[{"count":3,"href":"https:\/\/www.bright-science.com\/es\/wp-json\/wp\/v2\/pages\/639\/revisions"}],"predecessor-version":[{"id":3115,"href":"https:\/\/www.bright-science.com\/es\/wp-json\/wp\/v2\/pages\/639\/revisions\/3115"}],"wp:attachment":[{"href":"https:\/\/www.bright-science.com\/es\/wp-json\/wp\/v2\/media?parent=639"}],"curies":[{"name":"wp","href":"https:\/\/api.w.org\/{rel}","templated":true}]}}