{"id":1502,"date":"2020-12-10T11:01:03","date_gmt":"2020-12-10T11:01:03","guid":{"rendered":"http:\/\/www.bright-science.com\/sdms-social-distancing-monitoring-system\/"},"modified":"2025-06-30T10:25:45","modified_gmt":"2025-06-30T10:25:45","slug":"sdms-social-distancing-monitoring-system","status":"publish","type":"page","link":"https:\/\/www.bright-science.com\/es\/sdms-social-distancing-monitoring-system\/","title":{"rendered":"SDMS &#8211; Social Distancing Monitoring System"},"content":{"rendered":"<div class=\"wpb-content-wrapper\"><p>[vc_row type=\u00bbvc_default\u00bb css=\u00bb.vc_custom_1601996578738{margin-top: 70px !important;margin-bottom: 70px !important;}\u00bb el_class=\u00bbaccent-border-color\u00bb][vc_column][vc_single_image image=\u00bb1276&#8243; img_size=\u00bbfull\u00bb css=\u00bb.vc_custom_1607704213392{margin-bottom: 50px !important;}\u00bb][\/vc_column][\/vc_row][vc_row type=\u00bbvc_default\u00bb full_width=\u00bbstretch_row\u00bb margin_top=\u00bb80&#8243; bg_type=\u00bbbg_color\u00bb][vc_column][vc_column_text css=\u00bb\u00bb]<strong>Designa\u00e7\u00e3o do Projecto |<\/strong> <a href=\"\/es\/sistema-de-vigilancia-del-distanciamiento-social\/\">SDMS &#8211; Social Distancing Monitoring System<\/a><\/p>\n<p><strong>C\u00f3digo do Projecto |<\/strong> POCI-01-02B7-FEDER-070246<\/p>\n<p><strong>Objectivo principal | <\/strong>Refor\u00e7ar a investiga\u00e7\u00e3o, o desenvolvimento tecnol\u00f3gico e a inova\u00e7\u00e3o<\/p>\n<p><strong>Regi\u00e3o de Interven\u00e7\u00e3o |<\/strong> Alentejo (Concelho: Mora)<\/p>\n<p><strong>Entidade Benefici\u00e1ria |<\/strong> Bright Science &#8211; Estudos de Engenharia e Ensaios, Unipessoal Lda<\/p>\n<p>&nbsp;<\/p>\n<p><strong>Data de Aprova\u00e7\u00e3o |<\/strong> 2020\/09\/17<\/p>\n<p><strong>Data de In\u00edcio |<\/strong> 2020\/03\/01<\/p>\n<p><strong>Data de Conclus\u00e3o |<\/strong> 2021\/02\/28<\/p>\n<p><strong>Custo total eleg\u00edvel | <\/strong>324.853,66 Euros<\/p>\n<p><strong>Apoio financeiro da Uni\u00e3o Europeia |<\/strong> FEDER \u2013 259.882,93 Euros<\/p>\n<p><strong>\u00a0<\/strong><strong>\u00a0<\/strong><\/p>\n<p><strong>Descri\u00e7\u00e3o do projeto:<\/strong><\/p>\n<p>O objetivo do projeto SDMS \u2013 Social Distancing Monitoring System \u00e9 desenvolver um sistema capaz de monitorizar a lota\u00e7\u00e3o de um espa\u00e7o atrav\u00e9s da densidade de pessoas, e assim medir o distanciamento social, alertando para riscos de cont\u00e1gio COVID-19 (quando ultrapassado o n\u00famero estimado de pessoas no local ou a sua proximidade) e dando a localiza\u00e7\u00e3o da viola\u00e7\u00e3o. Pretende-se desenvolver, a partir de uma plataforma da promotora para gest\u00e3o inteligente das lumin\u00e1rias de Ilumina\u00e7\u00e3o P\u00fablica (IP), um sistema de controlo central, a fornecer ao munic\u00edpio e\/ou outras entidades, n\u00e3o intrusivo para os transeuntes, para mapear e estimar em tempo real, a densidade e contagem de pessoas em blocos din\u00e2micos. O sistema baseia-se na escuta passiva de dispositivos eletr\u00f3nicos como o telem\u00f3vel, tablet, ou smart watch; \u00e9 aut\u00f3nomo, n\u00e3o necessitando que seja instalado qualquer software no transeunte nem de solicitar informa\u00e7\u00e3o a terceiros; e \u00e9 totalmente an\u00f3nimo, respeitando o RGPD, n\u00e3o sendo capaz de ligar a identifica\u00e7\u00e3o \u00e0s pessoas. Do ponto de vista computacional e de recursos de rede (telecomunica\u00e7\u00f5es) \u00e9 muito leve, permitindo uma solu\u00e7\u00e3o muito econ\u00f3mica e com custos operacionais baixos.[\/vc_column_text][\/vc_column][\/vc_row]<\/p>\n<\/div>","protected":false},"excerpt":{"rendered":"<p>[vc_row type=\u00bbvc_default\u00bb css=\u00bb.vc_custom_1601996578738{margin-top: 70px !important;margin-bottom: 70px !important;}\u00bb el_class=\u00bbaccent-border-color\u00bb][vc_column][vc_single_image image=\u00bb1276&#8243; img_size=\u00bbfull\u00bb css=\u00bb.vc_custom_1607704213392{margin-bottom: 50px !important;}\u00bb][\/vc_column][\/vc_row][vc_row type=\u00bbvc_default\u00bb full_width=\u00bbstretch_row\u00bb margin_top=\u00bb80&#8243; bg_type=\u00bbbg_color\u00bb][vc_column][vc_column_text css=\u00bb\u00bb]Designa\u00e7\u00e3o do Projecto | SDMS &#8211; Social Distancing Monitoring System C\u00f3digo do Projecto | POCI-01-02B7-FEDER-070246 Objectivo principal | Refor\u00e7ar a investiga\u00e7\u00e3o, o desenvolvimento tecnol\u00f3gico e a inova\u00e7\u00e3o Regi\u00e3o de Interven\u00e7\u00e3o | Alentejo (Concelho: Mora) Entidade Benefici\u00e1ria | Bright&hellip;<\/p>\n","protected":false},"author":5,"featured_media":0,"parent":0,"menu_order":0,"comment_status":"closed","ping_status":"closed","template":"","meta":{"footnotes":""},"class_list":["post-1502","page","type-page","status-publish","hentry","description-off"],"yoast_head":"<!-- This site is optimized with the Yoast SEO plugin v27.6 - https:\/\/yoast.com\/product\/yoast-seo-wordpress\/ -->\n<title>SDMS - Social Distancing Monitoring System | Bright Science<\/title>\n<meta name=\"description\" content=\"O objetivo do projeto SDMS \u00e9 desenvolver um sistema para monitorizar a lota\u00e7\u00e3o de um espa\u00e7o atrav\u00e9s da densidade de pessoas no local, e assim medir o distanciamento social.\" \/>\n<meta name=\"robots\" content=\"index, follow, max-snippet:-1, max-image-preview:large, max-video-preview:-1\" \/>\n<link rel=\"canonical\" href=\"https:\/\/www.bright-science.com\/es\/sdms-social-distancing-monitoring-system\/\" \/>\n<meta property=\"og:locale\" content=\"es_ES\" \/>\n<meta property=\"og:type\" content=\"article\" \/>\n<meta property=\"og:title\" content=\"SDMS - Social Distancing Monitoring System | Bright Science\" \/>\n<meta property=\"og:description\" content=\"O objetivo do projeto SDMS \u00e9 desenvolver um sistema para monitorizar a lota\u00e7\u00e3o de um espa\u00e7o atrav\u00e9s da densidade de pessoas no local, e assim medir o distanciamento social.\" \/>\n<meta property=\"og:url\" content=\"https:\/\/www.bright-science.com\/es\/sdms-social-distancing-monitoring-system\/\" \/>\n<meta property=\"og:site_name\" content=\"Bright Science\" \/>\n<meta property=\"article:modified_time\" content=\"2025-06-30T10:25:45+00:00\" \/>\n<meta name=\"twitter:card\" content=\"summary_large_image\" \/>\n<meta name=\"twitter:label1\" content=\"Tiempo de lectura\" \/>\n\t<meta name=\"twitter:data1\" content=\"2 minutos\" \/>\n<script type=\"application\/ld+json\" class=\"yoast-schema-graph\">{\"@context\":\"https:\\\/\\\/schema.org\",\"@graph\":[{\"@type\":\"WebPage\",\"@id\":\"https:\\\/\\\/www.bright-science.com\\\/es\\\/sdms-social-distancing-monitoring-system\\\/\",\"url\":\"https:\\\/\\\/www.bright-science.com\\\/es\\\/sdms-social-distancing-monitoring-system\\\/\",\"name\":\"SDMS - Social Distancing Monitoring System | Bright Science\",\"isPartOf\":{\"@id\":\"https:\\\/\\\/www.bright-science.com\\\/es\\\/#website\"},\"datePublished\":\"2020-12-10T11:01:03+00:00\",\"dateModified\":\"2025-06-30T10:25:45+00:00\",\"description\":\"O objetivo do projeto SDMS \u00e9 desenvolver um sistema para monitorizar a lota\u00e7\u00e3o de um espa\u00e7o atrav\u00e9s da densidade de pessoas no local, e assim medir o distanciamento social.\",\"breadcrumb\":{\"@id\":\"https:\\\/\\\/www.bright-science.com\\\/es\\\/sdms-social-distancing-monitoring-system\\\/#breadcrumb\"},\"inLanguage\":\"es\",\"potentialAction\":[{\"@type\":\"ReadAction\",\"target\":[\"https:\\\/\\\/www.bright-science.com\\\/es\\\/sdms-social-distancing-monitoring-system\\\/\"]}]},{\"@type\":\"BreadcrumbList\",\"@id\":\"https:\\\/\\\/www.bright-science.com\\\/es\\\/sdms-social-distancing-monitoring-system\\\/#breadcrumb\",\"itemListElement\":[{\"@type\":\"ListItem\",\"position\":1,\"name\":\"In\u00edcio\",\"item\":\"https:\\\/\\\/www.bright-science.com\\\/es\\\/\"},{\"@type\":\"ListItem\",\"position\":2,\"name\":\"SDMS &#8211; Social Distancing Monitoring System\"}]},{\"@type\":\"WebSite\",\"@id\":\"https:\\\/\\\/www.bright-science.com\\\/es\\\/#website\",\"url\":\"https:\\\/\\\/www.bright-science.com\\\/es\\\/\",\"name\":\"Bright Science\",\"description\":\"Estudos de Engenharia e Ensaios\",\"publisher\":{\"@id\":\"https:\\\/\\\/www.bright-science.com\\\/es\\\/#organization\"},\"potentialAction\":[{\"@type\":\"SearchAction\",\"target\":{\"@type\":\"EntryPoint\",\"urlTemplate\":\"https:\\\/\\\/www.bright-science.com\\\/es\\\/?s={search_term_string}\"},\"query-input\":{\"@type\":\"PropertyValueSpecification\",\"valueRequired\":true,\"valueName\":\"search_term_string\"}}],\"inLanguage\":\"es\"},{\"@type\":\"Organization\",\"@id\":\"https:\\\/\\\/www.bright-science.com\\\/es\\\/#organization\",\"name\":\"Bright Science - Estudos de Engenharia e Ensaios\",\"url\":\"https:\\\/\\\/www.bright-science.com\\\/es\\\/\",\"logo\":{\"@type\":\"ImageObject\",\"inLanguage\":\"es\",\"@id\":\"https:\\\/\\\/www.bright-science.com\\\/es\\\/#\\\/schema\\\/logo\\\/image\\\/\",\"url\":\"https:\\\/\\\/www.bright-science.com\\\/wp-content\\\/uploads\\\/2019\\\/02\\\/Logo-Bright-Science-Retina-Fundo-Claro.png\",\"contentUrl\":\"https:\\\/\\\/www.bright-science.com\\\/wp-content\\\/uploads\\\/2019\\\/02\\\/Logo-Bright-Science-Retina-Fundo-Claro.png\",\"width\":600,\"height\":220,\"caption\":\"Bright Science - Estudos de Engenharia e Ensaios\"},\"image\":{\"@id\":\"https:\\\/\\\/www.bright-science.com\\\/es\\\/#\\\/schema\\\/logo\\\/image\\\/\"},\"sameAs\":[\"https:\\\/\\\/www.linkedin.com\\\/company\\\/bright-science\\\/\"]}]}<\/script>\n<!-- \/ Yoast SEO plugin. -->","yoast_head_json":{"title":"SDMS - Social Distancing Monitoring System | Bright Science","description":"O objetivo do projeto SDMS \u00e9 desenvolver um sistema para monitorizar a lota\u00e7\u00e3o de um espa\u00e7o atrav\u00e9s da densidade de pessoas no local, e assim medir o distanciamento social.","robots":{"index":"index","follow":"follow","max-snippet":"max-snippet:-1","max-image-preview":"max-image-preview:large","max-video-preview":"max-video-preview:-1"},"canonical":"https:\/\/www.bright-science.com\/es\/sdms-social-distancing-monitoring-system\/","og_locale":"es_ES","og_type":"article","og_title":"SDMS - Social Distancing Monitoring System | Bright Science","og_description":"O objetivo do projeto SDMS \u00e9 desenvolver um sistema para monitorizar a lota\u00e7\u00e3o de um espa\u00e7o atrav\u00e9s da densidade de pessoas no local, e assim medir o distanciamento social.","og_url":"https:\/\/www.bright-science.com\/es\/sdms-social-distancing-monitoring-system\/","og_site_name":"Bright Science","article_modified_time":"2025-06-30T10:25:45+00:00","twitter_card":"summary_large_image","twitter_misc":{"Tiempo de lectura":"2 minutos"},"schema":{"@context":"https:\/\/schema.org","@graph":[{"@type":"WebPage","@id":"https:\/\/www.bright-science.com\/es\/sdms-social-distancing-monitoring-system\/","url":"https:\/\/www.bright-science.com\/es\/sdms-social-distancing-monitoring-system\/","name":"SDMS - Social Distancing Monitoring System | Bright Science","isPartOf":{"@id":"https:\/\/www.bright-science.com\/es\/#website"},"datePublished":"2020-12-10T11:01:03+00:00","dateModified":"2025-06-30T10:25:45+00:00","description":"O objetivo do projeto SDMS \u00e9 desenvolver um sistema para monitorizar a lota\u00e7\u00e3o de um espa\u00e7o atrav\u00e9s da densidade de pessoas no local, e assim medir o distanciamento social.","breadcrumb":{"@id":"https:\/\/www.bright-science.com\/es\/sdms-social-distancing-monitoring-system\/#breadcrumb"},"inLanguage":"es","potentialAction":[{"@type":"ReadAction","target":["https:\/\/www.bright-science.com\/es\/sdms-social-distancing-monitoring-system\/"]}]},{"@type":"BreadcrumbList","@id":"https:\/\/www.bright-science.com\/es\/sdms-social-distancing-monitoring-system\/#breadcrumb","itemListElement":[{"@type":"ListItem","position":1,"name":"In\u00edcio","item":"https:\/\/www.bright-science.com\/es\/"},{"@type":"ListItem","position":2,"name":"SDMS &#8211; Social Distancing Monitoring System"}]},{"@type":"WebSite","@id":"https:\/\/www.bright-science.com\/es\/#website","url":"https:\/\/www.bright-science.com\/es\/","name":"Bright Science","description":"Estudos de Engenharia e Ensaios","publisher":{"@id":"https:\/\/www.bright-science.com\/es\/#organization"},"potentialAction":[{"@type":"SearchAction","target":{"@type":"EntryPoint","urlTemplate":"https:\/\/www.bright-science.com\/es\/?s={search_term_string}"},"query-input":{"@type":"PropertyValueSpecification","valueRequired":true,"valueName":"search_term_string"}}],"inLanguage":"es"},{"@type":"Organization","@id":"https:\/\/www.bright-science.com\/es\/#organization","name":"Bright Science - Estudos de Engenharia e Ensaios","url":"https:\/\/www.bright-science.com\/es\/","logo":{"@type":"ImageObject","inLanguage":"es","@id":"https:\/\/www.bright-science.com\/es\/#\/schema\/logo\/image\/","url":"https:\/\/www.bright-science.com\/wp-content\/uploads\/2019\/02\/Logo-Bright-Science-Retina-Fundo-Claro.png","contentUrl":"https:\/\/www.bright-science.com\/wp-content\/uploads\/2019\/02\/Logo-Bright-Science-Retina-Fundo-Claro.png","width":600,"height":220,"caption":"Bright Science - Estudos de Engenharia e Ensaios"},"image":{"@id":"https:\/\/www.bright-science.com\/es\/#\/schema\/logo\/image\/"},"sameAs":["https:\/\/www.linkedin.com\/company\/bright-science\/"]}]}},"_links":{"self":[{"href":"https:\/\/www.bright-science.com\/es\/wp-json\/wp\/v2\/pages\/1502","targetHints":{"allow":["GET"]}}],"collection":[{"href":"https:\/\/www.bright-science.com\/es\/wp-json\/wp\/v2\/pages"}],"about":[{"href":"https:\/\/www.bright-science.com\/es\/wp-json\/wp\/v2\/types\/page"}],"author":[{"embeddable":true,"href":"https:\/\/www.bright-science.com\/es\/wp-json\/wp\/v2\/users\/5"}],"replies":[{"embeddable":true,"href":"https:\/\/www.bright-science.com\/es\/wp-json\/wp\/v2\/comments?post=1502"}],"version-history":[{"count":1,"href":"https:\/\/www.bright-science.com\/es\/wp-json\/wp\/v2\/pages\/1502\/revisions"}],"predecessor-version":[{"id":3733,"href":"https:\/\/www.bright-science.com\/es\/wp-json\/wp\/v2\/pages\/1502\/revisions\/3733"}],"wp:attachment":[{"href":"https:\/\/www.bright-science.com\/es\/wp-json\/wp\/v2\/media?parent=1502"}],"curies":[{"name":"wp","href":"https:\/\/api.w.org\/{rel}","templated":true}]}}