{"id":1340,"date":"2020-10-06T15:15:10","date_gmt":"2020-10-06T15:15:10","guid":{"rendered":"http:\/\/www.bright-science.com\/projeto-r-a-h-q\/"},"modified":"2020-10-20T09:02:23","modified_gmt":"2020-10-20T09:02:23","slug":"projeto-r-a-h-q","status":"publish","type":"page","link":"https:\/\/www.bright-science.com\/es\/projeto-r-a-h-q\/","title":{"rendered":"RAHQ"},"content":{"rendered":"<div class=\"wpb-content-wrapper\"><p>[vc_row type=\u00bbvc_default\u00bb css=\u00bb.vc_custom_1601996578738{margin-top: 70px !important;margin-bottom: 70px !important;}\u00bb el_class=\u00bbaccent-border-color\u00bb][vc_column][vc_single_image image=\u00bb1379&#8243; img_size=\u00bbfull\u00bb css=\u00bb.vc_custom_1602091411868{margin-bottom: 50px !important;}\u00bb][\/vc_column][\/vc_row][vc_row type=\u00bbvc_default\u00bb full_width=\u00bbstretch_row\u00bb margin_top=\u00bb80&#8243; bg_type=\u00bbbg_color\u00bb][vc_column][vc_column_text]<strong>Designa\u00e7\u00e3o do Projeto |\u00a0<\/strong>Contrata\u00e7\u00e3o de Recursos Humanos Altamente Qualificados (PME ou CoLAB)<\/p>\n<p><strong>C\u00f3digo do Projeto | <\/strong>ALT20-05-3559-FSE-000031<\/p>\n<p><strong>Objetivo principal |<\/strong> Promover o emprego e apoiar a mobilidade laboral<\/p>\n<p><strong>Regi\u00e3o de Interven\u00e7\u00e3o<\/strong> | Mora<\/p>\n<p><strong>Entidade Benefici\u00e1ria | <\/strong>Bright Science \u2013 Estudos de Engenharia e Ensaios, Unipessoal Lda<\/p>\n<p>&nbsp;<\/p>\n<p><strong>Data da Aprova\u00e7\u00e3o | <\/strong>10\/02\/2020<\/p>\n<p><strong>Data de In\u00edcio <\/strong><strong>|<\/strong> 10\/08\/2020<\/p>\n<p><strong>Data de Conclus\u00e3o |<\/strong> 10\/08\/2023<\/p>\n<p><strong>Custo Total Eleg\u00edvel | <\/strong>426.110,28 Euros<\/p>\n<p><strong>Apoio Financeiro da Uni\u00e3o Europeia | <\/strong>213.055,14 Euros<\/p>\n<p><strong>\u00a0<\/strong><strong>\u00a0<\/strong><\/p>\n<p><strong>Objetivos, atividades e resultados esperados:<\/strong><\/p>\n<p>Refor\u00e7o da equipa de investiga\u00e7\u00e3o e desenvolvimento, atrav\u00e9s da contrata\u00e7\u00e3o de 4 novos quadros, para dotar a Bright Science de maior capacidade de desenvolvimento e de mais compet\u00eancias especializadas, imprescind\u00edveis \u00e0 implementa\u00e7\u00e3o do seu roadmap de desenvolvimento de produtos e solu\u00e7\u00f5es.[\/vc_column_text][\/vc_column][\/vc_row]<\/p>\n<\/div>","protected":false},"excerpt":{"rendered":"<p>[vc_row type=\u00bbvc_default\u00bb css=\u00bb.vc_custom_1601996578738{margin-top: 70px !important;margin-bottom: 70px !important;}\u00bb el_class=\u00bbaccent-border-color\u00bb][vc_column][vc_single_image image=\u00bb1379&#8243; img_size=\u00bbfull\u00bb css=\u00bb.vc_custom_1602091411868{margin-bottom: 50px !important;}\u00bb][\/vc_column][\/vc_row][vc_row type=\u00bbvc_default\u00bb full_width=\u00bbstretch_row\u00bb margin_top=\u00bb80&#8243; bg_type=\u00bbbg_color\u00bb][vc_column][vc_column_text]Designa\u00e7\u00e3o do Projeto |\u00a0Contrata\u00e7\u00e3o de Recursos Humanos Altamente Qualificados (PME ou CoLAB) C\u00f3digo do Projeto | ALT20-05-3559-FSE-000031 Objetivo principal | Promover o emprego e apoiar a mobilidade laboral Regi\u00e3o de Interven\u00e7\u00e3o | Mora Entidade Benefici\u00e1ria | Bright Science \u2013&hellip;<\/p>\n","protected":false},"author":5,"featured_media":0,"parent":0,"menu_order":0,"comment_status":"closed","ping_status":"closed","template":"","meta":{"footnotes":""},"class_list":["post-1340","page","type-page","status-publish","hentry","description-off"],"yoast_head":"<!-- This site is optimized with the Yoast SEO plugin v27.2 - https:\/\/yoast.com\/product\/yoast-seo-wordpress\/ -->\n<title>RAHQ: Recursos Especializados - Projeto Co-financiado | Bright Science<\/title>\n<meta name=\"description\" content=\"O projeto consiste em refor\u00e7ar a equipa de inova\u00e7\u00e3o e desenvolvimento de produtos da Bright Science com recursos humanos altamente especializados e qualificados.\" \/>\n<meta name=\"robots\" content=\"index, follow, max-snippet:-1, max-image-preview:large, max-video-preview:-1\" \/>\n<link rel=\"canonical\" href=\"https:\/\/www.bright-science.com\/es\/projeto-r-a-h-q\/\" \/>\n<meta property=\"og:locale\" content=\"es_ES\" \/>\n<meta property=\"og:type\" content=\"article\" \/>\n<meta property=\"og:title\" content=\"RAHQ: Recursos Especializados - Projeto Co-financiado | Bright Science\" \/>\n<meta property=\"og:description\" content=\"O projeto consiste em refor\u00e7ar a equipa de inova\u00e7\u00e3o e desenvolvimento de produtos da Bright Science com recursos humanos altamente especializados e qualificados.\" \/>\n<meta property=\"og:url\" content=\"https:\/\/www.bright-science.com\/es\/projeto-r-a-h-q\/\" \/>\n<meta property=\"og:site_name\" content=\"Bright Science\" \/>\n<meta property=\"article:modified_time\" content=\"2020-10-20T09:02:23+00:00\" \/>\n<meta name=\"twitter:card\" content=\"summary_large_image\" \/>\n<meta name=\"twitter:label1\" content=\"Tiempo de lectura\" \/>\n\t<meta name=\"twitter:data1\" content=\"1 minuto\" \/>\n<script type=\"application\/ld+json\" class=\"yoast-schema-graph\">{\"@context\":\"https:\/\/schema.org\",\"@graph\":[{\"@type\":\"WebPage\",\"@id\":\"https:\/\/www.bright-science.com\/es\/projeto-r-a-h-q\/\",\"url\":\"https:\/\/www.bright-science.com\/es\/projeto-r-a-h-q\/\",\"name\":\"RAHQ: Recursos Especializados - Projeto Co-financiado | Bright Science\",\"isPartOf\":{\"@id\":\"https:\/\/www.bright-science.com\/es\/#website\"},\"datePublished\":\"2020-10-06T15:15:10+00:00\",\"dateModified\":\"2020-10-20T09:02:23+00:00\",\"description\":\"O projeto consiste em refor\u00e7ar a equipa de inova\u00e7\u00e3o e desenvolvimento de produtos da Bright Science com recursos humanos altamente especializados e qualificados.\",\"breadcrumb\":{\"@id\":\"https:\/\/www.bright-science.com\/es\/projeto-r-a-h-q\/#breadcrumb\"},\"inLanguage\":\"es\",\"potentialAction\":[{\"@type\":\"ReadAction\",\"target\":[\"https:\/\/www.bright-science.com\/es\/projeto-r-a-h-q\/\"]}]},{\"@type\":\"BreadcrumbList\",\"@id\":\"https:\/\/www.bright-science.com\/es\/projeto-r-a-h-q\/#breadcrumb\",\"itemListElement\":[{\"@type\":\"ListItem\",\"position\":1,\"name\":\"In\u00edcio\",\"item\":\"https:\/\/www.bright-science.com\/es\/\"},{\"@type\":\"ListItem\",\"position\":2,\"name\":\"RAHQ\"}]},{\"@type\":\"WebSite\",\"@id\":\"https:\/\/www.bright-science.com\/es\/#website\",\"url\":\"https:\/\/www.bright-science.com\/es\/\",\"name\":\"Bright Science\",\"description\":\"Estudos de Engenharia e Ensaios\",\"publisher\":{\"@id\":\"https:\/\/www.bright-science.com\/es\/#organization\"},\"potentialAction\":[{\"@type\":\"SearchAction\",\"target\":{\"@type\":\"EntryPoint\",\"urlTemplate\":\"https:\/\/www.bright-science.com\/es\/?s={search_term_string}\"},\"query-input\":{\"@type\":\"PropertyValueSpecification\",\"valueRequired\":true,\"valueName\":\"search_term_string\"}}],\"inLanguage\":\"es\"},{\"@type\":\"Organization\",\"@id\":\"https:\/\/www.bright-science.com\/es\/#organization\",\"name\":\"Bright Science - Estudos de Engenharia e Ensaios\",\"url\":\"https:\/\/www.bright-science.com\/es\/\",\"logo\":{\"@type\":\"ImageObject\",\"inLanguage\":\"es\",\"@id\":\"https:\/\/www.bright-science.com\/es\/#\/schema\/logo\/image\/\",\"url\":\"https:\/\/www.bright-science.com\/wp-content\/uploads\/2019\/02\/Logo-Bright-Science-Retina-Fundo-Claro.png\",\"contentUrl\":\"https:\/\/www.bright-science.com\/wp-content\/uploads\/2019\/02\/Logo-Bright-Science-Retina-Fundo-Claro.png\",\"width\":600,\"height\":220,\"caption\":\"Bright Science - Estudos de Engenharia e Ensaios\"},\"image\":{\"@id\":\"https:\/\/www.bright-science.com\/es\/#\/schema\/logo\/image\/\"},\"sameAs\":[\"https:\/\/www.linkedin.com\/company\/bright-science\/\"]}]}<\/script>\n<!-- \/ Yoast SEO plugin. -->","yoast_head_json":{"title":"RAHQ: Recursos Especializados - Projeto Co-financiado | Bright Science","description":"O projeto consiste em refor\u00e7ar a equipa de inova\u00e7\u00e3o e desenvolvimento de produtos da Bright Science com recursos humanos altamente especializados e qualificados.","robots":{"index":"index","follow":"follow","max-snippet":"max-snippet:-1","max-image-preview":"max-image-preview:large","max-video-preview":"max-video-preview:-1"},"canonical":"https:\/\/www.bright-science.com\/es\/projeto-r-a-h-q\/","og_locale":"es_ES","og_type":"article","og_title":"RAHQ: Recursos Especializados - Projeto Co-financiado | Bright Science","og_description":"O projeto consiste em refor\u00e7ar a equipa de inova\u00e7\u00e3o e desenvolvimento de produtos da Bright Science com recursos humanos altamente especializados e qualificados.","og_url":"https:\/\/www.bright-science.com\/es\/projeto-r-a-h-q\/","og_site_name":"Bright Science","article_modified_time":"2020-10-20T09:02:23+00:00","twitter_card":"summary_large_image","twitter_misc":{"Tiempo de lectura":"1 minuto"},"schema":{"@context":"https:\/\/schema.org","@graph":[{"@type":"WebPage","@id":"https:\/\/www.bright-science.com\/es\/projeto-r-a-h-q\/","url":"https:\/\/www.bright-science.com\/es\/projeto-r-a-h-q\/","name":"RAHQ: Recursos Especializados - Projeto Co-financiado | Bright Science","isPartOf":{"@id":"https:\/\/www.bright-science.com\/es\/#website"},"datePublished":"2020-10-06T15:15:10+00:00","dateModified":"2020-10-20T09:02:23+00:00","description":"O projeto consiste em refor\u00e7ar a equipa de inova\u00e7\u00e3o e desenvolvimento de produtos da Bright Science com recursos humanos altamente especializados e qualificados.","breadcrumb":{"@id":"https:\/\/www.bright-science.com\/es\/projeto-r-a-h-q\/#breadcrumb"},"inLanguage":"es","potentialAction":[{"@type":"ReadAction","target":["https:\/\/www.bright-science.com\/es\/projeto-r-a-h-q\/"]}]},{"@type":"BreadcrumbList","@id":"https:\/\/www.bright-science.com\/es\/projeto-r-a-h-q\/#breadcrumb","itemListElement":[{"@type":"ListItem","position":1,"name":"In\u00edcio","item":"https:\/\/www.bright-science.com\/es\/"},{"@type":"ListItem","position":2,"name":"RAHQ"}]},{"@type":"WebSite","@id":"https:\/\/www.bright-science.com\/es\/#website","url":"https:\/\/www.bright-science.com\/es\/","name":"Bright Science","description":"Estudos de Engenharia e Ensaios","publisher":{"@id":"https:\/\/www.bright-science.com\/es\/#organization"},"potentialAction":[{"@type":"SearchAction","target":{"@type":"EntryPoint","urlTemplate":"https:\/\/www.bright-science.com\/es\/?s={search_term_string}"},"query-input":{"@type":"PropertyValueSpecification","valueRequired":true,"valueName":"search_term_string"}}],"inLanguage":"es"},{"@type":"Organization","@id":"https:\/\/www.bright-science.com\/es\/#organization","name":"Bright Science - Estudos de Engenharia e Ensaios","url":"https:\/\/www.bright-science.com\/es\/","logo":{"@type":"ImageObject","inLanguage":"es","@id":"https:\/\/www.bright-science.com\/es\/#\/schema\/logo\/image\/","url":"https:\/\/www.bright-science.com\/wp-content\/uploads\/2019\/02\/Logo-Bright-Science-Retina-Fundo-Claro.png","contentUrl":"https:\/\/www.bright-science.com\/wp-content\/uploads\/2019\/02\/Logo-Bright-Science-Retina-Fundo-Claro.png","width":600,"height":220,"caption":"Bright Science - Estudos de Engenharia e Ensaios"},"image":{"@id":"https:\/\/www.bright-science.com\/es\/#\/schema\/logo\/image\/"},"sameAs":["https:\/\/www.linkedin.com\/company\/bright-science\/"]}]}},"_links":{"self":[{"href":"https:\/\/www.bright-science.com\/es\/wp-json\/wp\/v2\/pages\/1340","targetHints":{"allow":["GET"]}}],"collection":[{"href":"https:\/\/www.bright-science.com\/es\/wp-json\/wp\/v2\/pages"}],"about":[{"href":"https:\/\/www.bright-science.com\/es\/wp-json\/wp\/v2\/types\/page"}],"author":[{"embeddable":true,"href":"https:\/\/www.bright-science.com\/es\/wp-json\/wp\/v2\/users\/5"}],"replies":[{"embeddable":true,"href":"https:\/\/www.bright-science.com\/es\/wp-json\/wp\/v2\/comments?post=1340"}],"version-history":[{"count":0,"href":"https:\/\/www.bright-science.com\/es\/wp-json\/wp\/v2\/pages\/1340\/revisions"}],"wp:attachment":[{"href":"https:\/\/www.bright-science.com\/es\/wp-json\/wp\/v2\/media?parent=1340"}],"curies":[{"name":"wp","href":"https:\/\/api.w.org\/{rel}","templated":true}]}}