{"id":1334,"date":"2020-10-02T16:17:24","date_gmt":"2020-10-02T16:17:24","guid":{"rendered":"http:\/\/www.bright-science.com\/projetos-co-financiados\/"},"modified":"2020-12-11T14:23:52","modified_gmt":"2020-12-11T14:23:52","slug":"proyectos-cofinanciados","status":"publish","type":"page","link":"https:\/\/www.bright-science.com\/es\/proyectos-cofinanciados\/","title":{"rendered":"Proyectos Cofinanciados"},"content":{"rendered":"<div class=\"wpb-content-wrapper\"><p>[vc_row type=\u00bbvc_default\u00bb css=\u00bb.vc_custom_1601998347466{margin-bottom: 100px !important;padding-top: 70px !important;}\u00bb][vc_column width=\u00bb1\/2&#8243;][vc_single_image image=\u00bb1299&#8243; img_size=\u00bbfull\u00bb]<div id=\"ultimate-heading-129769e5e44f82912\" class=\"uvc-heading ult-adjust-bottom-margin ultimate-heading-129769e5e44f82912 uvc-2303 \" data-hspacer=\"no_spacer\"  data-halign=\"left\" style=\"text-align:left\"><div class=\"uvc-heading-spacer no_spacer\" style=\"top\"><\/div><div class=\"uvc-main-heading ult-responsive\"  data-ultimate-target='.uvc-heading.ultimate-heading-129769e5e44f82912 h3'  data-responsive-json-new='{\"font-size\":\"desktop:24px;\",\"line-height\":\"desktop:34px;\"}' ><h3 style=\"font-family:&#039;Roboto&#039;;font-weight:700;margin-top:30px;\">N\u00facleos de I&amp;D<\/h3><\/div><div class=\"uvc-sub-heading ult-responsive\"  data-ultimate-target='.uvc-heading.ultimate-heading-129769e5e44f82912 .uvc-sub-heading '  data-responsive-json-new='{\"font-size\":\"\",\"line-height\":\"\"}'  style=\"font-family:&#039;Roboto&#039;;font-weight:700;\"><\/p>\n<p class=\"fancy-title entry-title start-animation-done start-animation\">Investiga\u00e7\u00e3o e Desenvolvimento Tecnol\u00f3gico<\/p>\n<p><\/div><\/div>[vc_column_text css=\u00bb.vc_custom_1601998889605{margin-top: 20px !important;margin-bottom: 20px !important;}\u00bb]Cria\u00e7\u00e3o de um n\u00facleo de I&amp;D dedicado ao ecossistema IoT e Smart Cities, que posicionar\u00e1 a Bright Science no mercado internacional.[\/vc_column_text]<style type=\"text\/css\" data-type=\"the7_shortcodes-inline-css\">#default-btn-dfea7721bebe0be58f542d0fc9f2b15b.ico-right-side > i {\n  margin-right: 0px;\n  margin-left: 8px;\n}\n#default-btn-dfea7721bebe0be58f542d0fc9f2b15b > i {\n  margin-right: 8px;\n}<\/style><div class=\"btn-align-left\"><a href=\"\/es\/nucleos-id-iot-e-smart-cities\/\" class=\"default-btn-shortcode dt-btn dt-btn-m link-hover-off  vc_custom_1602003511606\" id=\"default-btn-dfea7721bebe0be58f542d0fc9f2b15b\"><span>Ver Projeto<\/span><\/a><\/div>[\/vc_column][vc_column width=\u00bb1\/2&#8243;][vc_single_image image=\u00bb1303&#8243; img_size=\u00bbfull\u00bb]<div id=\"ultimate-heading-518569e5e44f82be2\" class=\"uvc-heading ult-adjust-bottom-margin ultimate-heading-518569e5e44f82be2 uvc-2857 \" data-hspacer=\"no_spacer\"  data-halign=\"left\" style=\"text-align:left\"><div class=\"uvc-heading-spacer no_spacer\" style=\"top\"><\/div><div class=\"uvc-main-heading ult-responsive\"  data-ultimate-target='.uvc-heading.ultimate-heading-518569e5e44f82be2 h3'  data-responsive-json-new='{\"font-size\":\"desktop:24px;\",\"line-height\":\"desktop:34px;\"}' ><h3 style=\"font-family:&#039;Roboto&#039;;font-weight:700;margin-top:30px;\">RAHQ<\/h3><\/div><div class=\"uvc-sub-heading ult-responsive\"  data-ultimate-target='.uvc-heading.ultimate-heading-518569e5e44f82be2 .uvc-sub-heading '  data-responsive-json-new='{\"font-size\":\"\",\"line-height\":\"\"}'  style=\"font-family:&#039;Roboto&#039;;font-weight:700;\"><\/p>\n<p class=\"fancy-title entry-title start-animation-done start-animation\">Programa Operacional Regional do Alentejo<\/p>\n<p><\/div><\/div>[vc_column_text css=\u00bb.vc_custom_1601998849225{margin-top: 20px !important;margin-bottom: 20px !important;}\u00bb]Refor\u00e7ar a equipa de inova\u00e7\u00e3o e desenvolvimento de produtos da Bright Science com a contrata\u00e7\u00e3o de recursos humanos altamente especializados e qualificados.[\/vc_column_text]<style type=\"text\/css\" data-type=\"the7_shortcodes-inline-css\">#default-btn-80cb246cc9f46675bed86ed4324896e4.ico-right-side > i {\n  margin-right: 0px;\n  margin-left: 8px;\n}\n#default-btn-80cb246cc9f46675bed86ed4324896e4 > i {\n  margin-right: 8px;\n}<\/style><div class=\"btn-align-left\"><a href=\"\/es\/projeto-r-a-h-q\/\" class=\"default-btn-shortcode dt-btn dt-btn-m link-hover-off  vc_custom_1602003506510\" id=\"default-btn-80cb246cc9f46675bed86ed4324896e4\"><span>Ver Projeto<\/span><\/a><\/div>[\/vc_column][\/vc_row][vc_row type=\u00bbvc_default\u00bb css=\u00bb.vc_custom_1607695957250{margin-bottom: 100px !important;}\u00bb][vc_column width=\u00bb1\/2&#8243;][vc_single_image image=\u00bb1497&#8243; img_size=\u00bbfull\u00bb]<div id=\"ultimate-heading-154569e5e44f82d04\" class=\"uvc-heading ult-adjust-bottom-margin ultimate-heading-154569e5e44f82d04 uvc-3754 \" data-hspacer=\"no_spacer\"  data-halign=\"left\" style=\"text-align:left\"><div class=\"uvc-heading-spacer no_spacer\" style=\"top\"><\/div><div class=\"uvc-main-heading ult-responsive\"  data-ultimate-target='.uvc-heading.ultimate-heading-154569e5e44f82d04 h3'  data-responsive-json-new='{\"font-size\":\"desktop:24px;\",\"line-height\":\"desktop:34px;\"}' ><h3 style=\"font-family:&#039;Roboto&#039;;font-weight:700;margin-top:30px;\">Social Distancing Monitoring System<\/h3><\/div><div class=\"uvc-sub-heading ult-responsive\"  data-ultimate-target='.uvc-heading.ultimate-heading-154569e5e44f82d04 .uvc-sub-heading '  data-responsive-json-new='{\"font-size\":\"\",\"line-height\":\"\"}'  style=\"font-family:&#039;Roboto&#039;;font-weight:700;\">Investiga\u00e7\u00e3o e Desenvolvimento Tecnol\u00f3gico<\/div><\/div>[vc_column_text css=\u00bb.vc_custom_1607696295837{margin-top: 20px !important;margin-bottom: 20px !important;}\u00bb]Desenvolvimento de um sistema de monitoriza\u00e7\u00e3o da lota\u00e7\u00e3o de um espa\u00e7o, que calcula a densidade populacional para promover o distanciamento social e identificar fluxos e padr\u00f5es de movimenta\u00e7\u00e3o.[\/vc_column_text]<style type=\"text\/css\" data-type=\"the7_shortcodes-inline-css\">#default-btn-6da00eb5c2e63d43182dbcaefb5a6c2f.ico-right-side > i {\n  margin-right: 0px;\n  margin-left: 8px;\n}\n#default-btn-6da00eb5c2e63d43182dbcaefb5a6c2f > i {\n  margin-right: 8px;\n}<\/style><div class=\"btn-align-left\"><a href=\"\/es\/sdms-social-distancing-monitoring-system\/\" class=\"default-btn-shortcode dt-btn dt-btn-m link-hover-off  vc_custom_1607696622898\" id=\"default-btn-6da00eb5c2e63d43182dbcaefb5a6c2f\"><span>Ver Projeto<\/span><\/a><\/div>[\/vc_column][vc_column width=\u00bb1\/2&#8243;][\/vc_column][\/vc_row]<\/p>\n<\/div>","protected":false},"excerpt":{"rendered":"<p>[vc_row type=\u00bbvc_default\u00bb css=\u00bb.vc_custom_1601998347466{margin-bottom: 100px !important;padding-top: 70px !important;}\u00bb][vc_column width=\u00bb1\/2&#8243;][vc_single_image image=\u00bb1299&#8243; img_size=\u00bbfull\u00bb][vc_column_text css=\u00bb.vc_custom_1601998889605{margin-top: 20px !important;margin-bottom: 20px !important;}\u00bb]Cria\u00e7\u00e3o de um n\u00facleo de I&amp;D dedicado ao ecossistema IoT e Smart Cities, que posicionar\u00e1 a Bright Science no mercado internacional.[\/vc_column_text][\/vc_column][vc_column width=\u00bb1\/2&#8243;][vc_single_image image=\u00bb1303&#8243; img_size=\u00bbfull\u00bb][vc_column_text css=\u00bb.vc_custom_1601998849225{margin-top: 20px !important;margin-bottom: 20px !important;}\u00bb]Refor\u00e7ar a equipa de inova\u00e7\u00e3o e desenvolvimento de produtos da Bright Science com&hellip;<\/p>\n","protected":false},"author":5,"featured_media":0,"parent":0,"menu_order":0,"comment_status":"closed","ping_status":"closed","template":"","meta":{"footnotes":""},"class_list":["post-1334","page","type-page","status-publish","hentry","description-off"],"yoast_head":"<!-- This site is optimized with the Yoast SEO plugin v27.2 - https:\/\/yoast.com\/product\/yoast-seo-wordpress\/ -->\n<title>Proyectos Cofinanciados en desarrollo | Bright Science<\/title>\n<meta name=\"description\" content=\"Proyectos Cofinanciados por otras entidades y actualmente en desarrollo por Bright Science - Estudios de Ingeni\u00e9ria e Ensayos.\" \/>\n<meta name=\"robots\" content=\"index, follow, max-snippet:-1, max-image-preview:large, max-video-preview:-1\" \/>\n<link rel=\"canonical\" href=\"https:\/\/www.bright-science.com\/es\/proyectos-cofinanciados\/\" \/>\n<meta property=\"og:locale\" content=\"es_ES\" \/>\n<meta property=\"og:type\" content=\"article\" \/>\n<meta property=\"og:title\" content=\"Proyectos Cofinanciados en desarrollo | Bright Science\" \/>\n<meta property=\"og:description\" content=\"Proyectos Cofinanciados por otras entidades y actualmente en desarrollo por Bright Science - Estudios de Ingeni\u00e9ria e Ensayos.\" \/>\n<meta property=\"og:url\" content=\"https:\/\/www.bright-science.com\/es\/proyectos-cofinanciados\/\" \/>\n<meta property=\"og:site_name\" content=\"Bright Science\" \/>\n<meta property=\"article:modified_time\" content=\"2020-12-11T14:23:52+00:00\" \/>\n<meta name=\"twitter:card\" content=\"summary_large_image\" \/>\n<meta name=\"twitter:label1\" content=\"Tiempo de lectura\" \/>\n\t<meta name=\"twitter:data1\" content=\"2 minutos\" \/>\n<script type=\"application\/ld+json\" class=\"yoast-schema-graph\">{\"@context\":\"https:\/\/schema.org\",\"@graph\":[{\"@type\":\"WebPage\",\"@id\":\"https:\/\/www.bright-science.com\/es\/proyectos-cofinanciados\/\",\"url\":\"https:\/\/www.bright-science.com\/es\/proyectos-cofinanciados\/\",\"name\":\"Proyectos Cofinanciados en desarrollo | Bright Science\",\"isPartOf\":{\"@id\":\"https:\/\/www.bright-science.com\/es\/#website\"},\"datePublished\":\"2020-10-02T16:17:24+00:00\",\"dateModified\":\"2020-12-11T14:23:52+00:00\",\"description\":\"Proyectos Cofinanciados por otras entidades y actualmente en desarrollo por Bright Science - Estudios de Ingeni\u00e9ria e Ensayos.\",\"breadcrumb\":{\"@id\":\"https:\/\/www.bright-science.com\/es\/proyectos-cofinanciados\/#breadcrumb\"},\"inLanguage\":\"es\",\"potentialAction\":[{\"@type\":\"ReadAction\",\"target\":[\"https:\/\/www.bright-science.com\/es\/proyectos-cofinanciados\/\"]}]},{\"@type\":\"BreadcrumbList\",\"@id\":\"https:\/\/www.bright-science.com\/es\/proyectos-cofinanciados\/#breadcrumb\",\"itemListElement\":[{\"@type\":\"ListItem\",\"position\":1,\"name\":\"In\u00edcio\",\"item\":\"https:\/\/www.bright-science.com\/es\/\"},{\"@type\":\"ListItem\",\"position\":2,\"name\":\"Proyectos Cofinanciados\"}]},{\"@type\":\"WebSite\",\"@id\":\"https:\/\/www.bright-science.com\/es\/#website\",\"url\":\"https:\/\/www.bright-science.com\/es\/\",\"name\":\"Bright Science\",\"description\":\"Estudos de Engenharia e Ensaios\",\"publisher\":{\"@id\":\"https:\/\/www.bright-science.com\/es\/#organization\"},\"potentialAction\":[{\"@type\":\"SearchAction\",\"target\":{\"@type\":\"EntryPoint\",\"urlTemplate\":\"https:\/\/www.bright-science.com\/es\/?s={search_term_string}\"},\"query-input\":{\"@type\":\"PropertyValueSpecification\",\"valueRequired\":true,\"valueName\":\"search_term_string\"}}],\"inLanguage\":\"es\"},{\"@type\":\"Organization\",\"@id\":\"https:\/\/www.bright-science.com\/es\/#organization\",\"name\":\"Bright Science - Estudos de Engenharia e Ensaios\",\"url\":\"https:\/\/www.bright-science.com\/es\/\",\"logo\":{\"@type\":\"ImageObject\",\"inLanguage\":\"es\",\"@id\":\"https:\/\/www.bright-science.com\/es\/#\/schema\/logo\/image\/\",\"url\":\"https:\/\/www.bright-science.com\/wp-content\/uploads\/2019\/02\/Logo-Bright-Science-Retina-Fundo-Claro.png\",\"contentUrl\":\"https:\/\/www.bright-science.com\/wp-content\/uploads\/2019\/02\/Logo-Bright-Science-Retina-Fundo-Claro.png\",\"width\":600,\"height\":220,\"caption\":\"Bright Science - Estudos de Engenharia e Ensaios\"},\"image\":{\"@id\":\"https:\/\/www.bright-science.com\/es\/#\/schema\/logo\/image\/\"},\"sameAs\":[\"https:\/\/www.linkedin.com\/company\/bright-science\/\"]}]}<\/script>\n<!-- \/ Yoast SEO plugin. -->","yoast_head_json":{"title":"Proyectos Cofinanciados en desarrollo | Bright Science","description":"Proyectos Cofinanciados por otras entidades y actualmente en desarrollo por Bright Science - Estudios de Ingeni\u00e9ria e Ensayos.","robots":{"index":"index","follow":"follow","max-snippet":"max-snippet:-1","max-image-preview":"max-image-preview:large","max-video-preview":"max-video-preview:-1"},"canonical":"https:\/\/www.bright-science.com\/es\/proyectos-cofinanciados\/","og_locale":"es_ES","og_type":"article","og_title":"Proyectos Cofinanciados en desarrollo | Bright Science","og_description":"Proyectos Cofinanciados por otras entidades y actualmente en desarrollo por Bright Science - Estudios de Ingeni\u00e9ria e Ensayos.","og_url":"https:\/\/www.bright-science.com\/es\/proyectos-cofinanciados\/","og_site_name":"Bright Science","article_modified_time":"2020-12-11T14:23:52+00:00","twitter_card":"summary_large_image","twitter_misc":{"Tiempo de lectura":"2 minutos"},"schema":{"@context":"https:\/\/schema.org","@graph":[{"@type":"WebPage","@id":"https:\/\/www.bright-science.com\/es\/proyectos-cofinanciados\/","url":"https:\/\/www.bright-science.com\/es\/proyectos-cofinanciados\/","name":"Proyectos Cofinanciados en desarrollo | Bright Science","isPartOf":{"@id":"https:\/\/www.bright-science.com\/es\/#website"},"datePublished":"2020-10-02T16:17:24+00:00","dateModified":"2020-12-11T14:23:52+00:00","description":"Proyectos Cofinanciados por otras entidades y actualmente en desarrollo por Bright Science - Estudios de Ingeni\u00e9ria e Ensayos.","breadcrumb":{"@id":"https:\/\/www.bright-science.com\/es\/proyectos-cofinanciados\/#breadcrumb"},"inLanguage":"es","potentialAction":[{"@type":"ReadAction","target":["https:\/\/www.bright-science.com\/es\/proyectos-cofinanciados\/"]}]},{"@type":"BreadcrumbList","@id":"https:\/\/www.bright-science.com\/es\/proyectos-cofinanciados\/#breadcrumb","itemListElement":[{"@type":"ListItem","position":1,"name":"In\u00edcio","item":"https:\/\/www.bright-science.com\/es\/"},{"@type":"ListItem","position":2,"name":"Proyectos Cofinanciados"}]},{"@type":"WebSite","@id":"https:\/\/www.bright-science.com\/es\/#website","url":"https:\/\/www.bright-science.com\/es\/","name":"Bright Science","description":"Estudos de Engenharia e Ensaios","publisher":{"@id":"https:\/\/www.bright-science.com\/es\/#organization"},"potentialAction":[{"@type":"SearchAction","target":{"@type":"EntryPoint","urlTemplate":"https:\/\/www.bright-science.com\/es\/?s={search_term_string}"},"query-input":{"@type":"PropertyValueSpecification","valueRequired":true,"valueName":"search_term_string"}}],"inLanguage":"es"},{"@type":"Organization","@id":"https:\/\/www.bright-science.com\/es\/#organization","name":"Bright Science - Estudos de Engenharia e Ensaios","url":"https:\/\/www.bright-science.com\/es\/","logo":{"@type":"ImageObject","inLanguage":"es","@id":"https:\/\/www.bright-science.com\/es\/#\/schema\/logo\/image\/","url":"https:\/\/www.bright-science.com\/wp-content\/uploads\/2019\/02\/Logo-Bright-Science-Retina-Fundo-Claro.png","contentUrl":"https:\/\/www.bright-science.com\/wp-content\/uploads\/2019\/02\/Logo-Bright-Science-Retina-Fundo-Claro.png","width":600,"height":220,"caption":"Bright Science - Estudos de Engenharia e Ensaios"},"image":{"@id":"https:\/\/www.bright-science.com\/es\/#\/schema\/logo\/image\/"},"sameAs":["https:\/\/www.linkedin.com\/company\/bright-science\/"]}]}},"_links":{"self":[{"href":"https:\/\/www.bright-science.com\/es\/wp-json\/wp\/v2\/pages\/1334","targetHints":{"allow":["GET"]}}],"collection":[{"href":"https:\/\/www.bright-science.com\/es\/wp-json\/wp\/v2\/pages"}],"about":[{"href":"https:\/\/www.bright-science.com\/es\/wp-json\/wp\/v2\/types\/page"}],"author":[{"embeddable":true,"href":"https:\/\/www.bright-science.com\/es\/wp-json\/wp\/v2\/users\/5"}],"replies":[{"embeddable":true,"href":"https:\/\/www.bright-science.com\/es\/wp-json\/wp\/v2\/comments?post=1334"}],"version-history":[{"count":0,"href":"https:\/\/www.bright-science.com\/es\/wp-json\/wp\/v2\/pages\/1334\/revisions"}],"wp:attachment":[{"href":"https:\/\/www.bright-science.com\/es\/wp-json\/wp\/v2\/media?parent=1334"}],"curies":[{"name":"wp","href":"https:\/\/api.w.org\/{rel}","templated":true}]}}