{"id":1328,"date":"2020-10-06T15:17:03","date_gmt":"2020-10-06T15:17:03","guid":{"rendered":"http:\/\/www.bright-science.com\/nucleos-id-iot-e-smart-cities\/"},"modified":"2020-10-20T10:36:09","modified_gmt":"2020-10-20T10:36:09","slug":"nucleos-id-iot-e-smart-cities","status":"publish","type":"page","link":"https:\/\/www.bright-science.com\/es\/nucleos-id-iot-e-smart-cities\/","title":{"rendered":"N\u00facleos I&#038;D &#8211; Iot e Smart Cities"},"content":{"rendered":"<div class=\"wpb-content-wrapper\"><p>[vc_row type=\u00bbvc_default\u00bb css=\u00bb.vc_custom_1601996578738{margin-top: 70px !important;margin-bottom: 70px !important;}\u00bb el_class=\u00bbaccent-border-color\u00bb][vc_column][vc_single_image image=\u00bb1276&#8243; img_size=\u00bbfull\u00bb css=\u00bb.vc_custom_1601996038055{margin-bottom: 50px !important;}\u00bb][\/vc_column][\/vc_row][vc_row type=\u00bbvc_default\u00bb full_width=\u00bbstretch_row\u00bb margin_top=\u00bb80&#8243; bg_type=\u00bbbg_color\u00bb css=\u00bb.vc_custom_1601996500878{padding-bottom: 70px !important;}\u00bb][vc_column][vc_column_text]<strong>Designa\u00e7\u00e3o do Projeto | <\/strong>N\u00daCLEO DE I&amp;DT &#8211; BRIGHT SCIENCE<\/p>\n<p><strong>N\u00famero do Projeto | <\/strong>POCI-01-0247-FEDER-042678<\/p>\n<p><strong>Objetivo principal | <\/strong>Refor\u00e7ar a equipa de inova\u00e7\u00e3o e desenvolvimento da Bright Science<\/p>\n<p><strong>Dura\u00e7\u00e3o do Projeto\u00a0<\/strong><strong>|<\/strong>\u00a024 meses<\/p>\n<p><strong>Entidade Benefici\u00e1ria | <\/strong>Bright Science \u2013 Estudos de Engenharia e Ensaios, Unipessoal Lda<\/p>\n<p>&nbsp;<\/p>\n<p><strong>Data de In\u00edcio de Projeto <\/strong><strong>|<\/strong>\u00a02020\/04\/27<\/p>\n<p><strong>Data de Conclus\u00e3o |<\/strong> 2022\/04\/27<\/p>\n<p><strong>Custo Total Eleg\u00edvel ||\u00a0<\/strong>492.632,05 Euros<\/p>\n<p><strong>Apoio Financeiro da Uni\u00e3o Europeia |\u00a0<\/strong>246.316,03 Euros<\/p>\n<p><strong>\u00a0<\/strong><strong>\u00a0<\/strong><\/p>\n<p><strong>Descri\u00e7\u00e3o do Projeto:<\/strong><\/p>\n<p>Projeto de cria\u00e7\u00e3o de um n\u00facleo de I&amp;D dedicado ao ecossistema IoT e Smart Cities, que posicionar\u00e1 a Bright Science no mercado internacional, com produtos e solu\u00e7\u00f5es inovadores, fi\u00e1veis e de elevada performance, tornando as cidades espa\u00e7os mais inteligentes, eco sustent\u00e1veis e amigos do cidad\u00e3o.<\/p>\n<p>&nbsp;<\/p>\n<p><strong>Objetivos a atingir:<\/strong><\/p>\n<p>O planeamento e operacionaliza\u00e7\u00e3o de uma estrutura dedicada exclusivamente \u00e0 I&amp;D vem permitir a cria\u00e7\u00e3o, aprofundamento e endogeneiza\u00e7\u00e3o de conhecimento capaz de gerar projetos de I&amp;D espec\u00edficos e concretos para o desenvolvimento de produtos e solu\u00e7\u00f5es inovadores, com elevados padr\u00f5es de qualidade e na vanguarda da tecnologia, possibilitando \u00e0 Bright Science um posicionamento singular no emergente e exigente mercado global das Smart Cities.<\/p>\n<p>Novos desenvolvimentos tecnol\u00f3gicos, inova\u00e7\u00f5es e novas tend\u00eancias \u00e0 escala global s\u00e3o uma constante, a evoluir num ritmo vertiginoso e que exigem um foco, uma postura aberta, din\u00e2mica, de partilha e de grande proximidade com redes e plataformas de conhecimento \u00e0 escala global, e com entidades do SCT, nacionais e internacionais,- tudo isto somente poss\u00edvel com um plano de atividades estruturado, fortes rela\u00e7\u00f5es de coopera\u00e7\u00e3o com entidades do SCT (nacional e internacional), uma equipa com fortes compet\u00eancias nas \u00e1reas definidas, dedicada e din\u00e2mica na aquisi\u00e7\u00e3o de novas compet\u00eancias e capacidades e em novas \u00e1reas tecnol\u00f3gicas.<\/p>\n<p>A inova\u00e7\u00e3o e I&amp;D, aqui preconizadas pela Bright Science e materializadas com a cria\u00e7\u00e3o deste n\u00facleo, s\u00e3o elementos vitais da sua competitividade, permitindo-lhe, em cont\u00ednuo, antecipar tend\u00eancias; desenvolver projetos conducentes a produtos novos, tecnologicamente evolu\u00eddos e disruptivos ? conferindo tamb\u00e9m visibilidade e notoriedade; agregar valor \u00e0 sua oferta; facilitar a sua internacionaliza\u00e7\u00e3o, e introduzir mecanismos de efici\u00eancia e produtividade, gerando benef\u00edcios e sustentando a sua afirma\u00e7\u00e3o e crescimento num mercado global altamente exigente.[\/vc_column_text][vc_column_text]Os sistemas de gest\u00e3o permitem aos munic\u00edpios <strong>gerir de forma eficiente o fluxo luminoso das suas lumin\u00e1rias de ilumina\u00e7\u00e3o p\u00fabica.<\/strong><\/p>\n<p>Desenvolvemos o sistema de <strong>controlo e gest\u00e3o de energia ECCOS<\/strong>, que permite gerir a regula\u00e7\u00e3o do fluxo luminoso, desde uma lumin\u00e1ria individualmente at\u00e9 um grupo vasto de pontos de luz, podendo assim segmentar-se o universo de lumin\u00e1rias de uma cidade, atrav\u00e9s de grupos (ex. avenidas, ruas, parques, zonas hist\u00f3ricas, etc).<\/p>\n<p>O sistema <strong>ECCOS<\/strong> subdivide-se em tr\u00eas categorias, de forma a cobrir as diferentes necessidades de qualquer munic\u00edpio.[\/vc_column_text][\/vc_column][\/vc_row]<\/p>\n<\/div>","protected":false},"excerpt":{"rendered":"<p>[vc_row type=\u00bbvc_default\u00bb css=\u00bb.vc_custom_1601996578738{margin-top: 70px !important;margin-bottom: 70px !important;}\u00bb el_class=\u00bbaccent-border-color\u00bb][vc_column][vc_single_image image=\u00bb1276&#8243; img_size=\u00bbfull\u00bb css=\u00bb.vc_custom_1601996038055{margin-bottom: 50px !important;}\u00bb][\/vc_column][\/vc_row][vc_row type=\u00bbvc_default\u00bb full_width=\u00bbstretch_row\u00bb margin_top=\u00bb80&#8243; bg_type=\u00bbbg_color\u00bb css=\u00bb.vc_custom_1601996500878{padding-bottom: 70px !important;}\u00bb][vc_column][vc_column_text]Designa\u00e7\u00e3o do Projeto | N\u00daCLEO DE I&amp;DT &#8211; BRIGHT SCIENCE N\u00famero do Projeto | POCI-01-0247-FEDER-042678 Objetivo principal | Refor\u00e7ar a equipa de inova\u00e7\u00e3o e desenvolvimento da Bright Science Dura\u00e7\u00e3o do Projeto\u00a0|\u00a024 meses Entidade Benefici\u00e1ria | Bright&hellip;<\/p>\n","protected":false},"author":5,"featured_media":0,"parent":0,"menu_order":0,"comment_status":"closed","ping_status":"closed","template":"","meta":{"footnotes":""},"class_list":["post-1328","page","type-page","status-publish","hentry","description-off"],"yoast_head":"<!-- This site is optimized with the Yoast SEO plugin v27.2 - https:\/\/yoast.com\/product\/yoast-seo-wordpress\/ -->\n<title>N\u00facleo de I&amp;D - IoT e Smart Cities - Projeto co-financiado | Bright Science<\/title>\n<meta name=\"description\" content=\"Cria\u00e7\u00e3o de um n\u00facleo de I&amp;D dedicado ao ecossistema IoT e Smart Cities - produtos e solu\u00e7\u00f5es inovadores, fi\u00e1veis e de elevada performance.\" \/>\n<meta name=\"robots\" content=\"index, follow, max-snippet:-1, max-image-preview:large, max-video-preview:-1\" \/>\n<link rel=\"canonical\" href=\"https:\/\/www.bright-science.com\/es\/nucleos-id-iot-e-smart-cities\/\" \/>\n<meta property=\"og:locale\" content=\"es_ES\" \/>\n<meta property=\"og:type\" content=\"article\" \/>\n<meta property=\"og:title\" content=\"N\u00facleo de I&amp;D - IoT e Smart Cities - Projeto co-financiado | Bright Science\" \/>\n<meta property=\"og:description\" content=\"Cria\u00e7\u00e3o de um n\u00facleo de I&amp;D dedicado ao ecossistema IoT e Smart Cities - produtos e solu\u00e7\u00f5es inovadores, fi\u00e1veis e de elevada performance.\" \/>\n<meta property=\"og:url\" content=\"https:\/\/www.bright-science.com\/es\/nucleos-id-iot-e-smart-cities\/\" \/>\n<meta property=\"og:site_name\" content=\"Bright Science\" \/>\n<meta property=\"article:modified_time\" content=\"2020-10-20T10:36:09+00:00\" \/>\n<meta name=\"twitter:card\" content=\"summary_large_image\" \/>\n<meta name=\"twitter:label1\" content=\"Tiempo de lectura\" \/>\n\t<meta name=\"twitter:data1\" content=\"3 minutos\" \/>\n<script type=\"application\/ld+json\" class=\"yoast-schema-graph\">{\"@context\":\"https:\/\/schema.org\",\"@graph\":[{\"@type\":\"WebPage\",\"@id\":\"https:\/\/www.bright-science.com\/es\/nucleos-id-iot-e-smart-cities\/\",\"url\":\"https:\/\/www.bright-science.com\/es\/nucleos-id-iot-e-smart-cities\/\",\"name\":\"N\u00facleo de I&D - IoT e Smart Cities - Projeto co-financiado | Bright Science\",\"isPartOf\":{\"@id\":\"https:\/\/www.bright-science.com\/es\/#website\"},\"datePublished\":\"2020-10-06T15:17:03+00:00\",\"dateModified\":\"2020-10-20T10:36:09+00:00\",\"description\":\"Cria\u00e7\u00e3o de um n\u00facleo de I&D dedicado ao ecossistema IoT e Smart Cities - produtos e solu\u00e7\u00f5es inovadores, fi\u00e1veis e de elevada performance.\",\"breadcrumb\":{\"@id\":\"https:\/\/www.bright-science.com\/es\/nucleos-id-iot-e-smart-cities\/#breadcrumb\"},\"inLanguage\":\"es\",\"potentialAction\":[{\"@type\":\"ReadAction\",\"target\":[\"https:\/\/www.bright-science.com\/es\/nucleos-id-iot-e-smart-cities\/\"]}]},{\"@type\":\"BreadcrumbList\",\"@id\":\"https:\/\/www.bright-science.com\/es\/nucleos-id-iot-e-smart-cities\/#breadcrumb\",\"itemListElement\":[{\"@type\":\"ListItem\",\"position\":1,\"name\":\"In\u00edcio\",\"item\":\"https:\/\/www.bright-science.com\/es\/\"},{\"@type\":\"ListItem\",\"position\":2,\"name\":\"N\u00facleos I&#038;D &#8211; Iot e Smart Cities\"}]},{\"@type\":\"WebSite\",\"@id\":\"https:\/\/www.bright-science.com\/es\/#website\",\"url\":\"https:\/\/www.bright-science.com\/es\/\",\"name\":\"Bright Science\",\"description\":\"Estudos de Engenharia e Ensaios\",\"publisher\":{\"@id\":\"https:\/\/www.bright-science.com\/es\/#organization\"},\"potentialAction\":[{\"@type\":\"SearchAction\",\"target\":{\"@type\":\"EntryPoint\",\"urlTemplate\":\"https:\/\/www.bright-science.com\/es\/?s={search_term_string}\"},\"query-input\":{\"@type\":\"PropertyValueSpecification\",\"valueRequired\":true,\"valueName\":\"search_term_string\"}}],\"inLanguage\":\"es\"},{\"@type\":\"Organization\",\"@id\":\"https:\/\/www.bright-science.com\/es\/#organization\",\"name\":\"Bright Science - Estudos de Engenharia e Ensaios\",\"url\":\"https:\/\/www.bright-science.com\/es\/\",\"logo\":{\"@type\":\"ImageObject\",\"inLanguage\":\"es\",\"@id\":\"https:\/\/www.bright-science.com\/es\/#\/schema\/logo\/image\/\",\"url\":\"https:\/\/www.bright-science.com\/wp-content\/uploads\/2019\/02\/Logo-Bright-Science-Retina-Fundo-Claro.png\",\"contentUrl\":\"https:\/\/www.bright-science.com\/wp-content\/uploads\/2019\/02\/Logo-Bright-Science-Retina-Fundo-Claro.png\",\"width\":600,\"height\":220,\"caption\":\"Bright Science - Estudos de Engenharia e Ensaios\"},\"image\":{\"@id\":\"https:\/\/www.bright-science.com\/es\/#\/schema\/logo\/image\/\"},\"sameAs\":[\"https:\/\/www.linkedin.com\/company\/bright-science\/\"]}]}<\/script>\n<!-- \/ Yoast SEO plugin. -->","yoast_head_json":{"title":"N\u00facleo de I&D - IoT e Smart Cities - Projeto co-financiado | Bright Science","description":"Cria\u00e7\u00e3o de um n\u00facleo de I&D dedicado ao ecossistema IoT e Smart Cities - produtos e solu\u00e7\u00f5es inovadores, fi\u00e1veis e de elevada performance.","robots":{"index":"index","follow":"follow","max-snippet":"max-snippet:-1","max-image-preview":"max-image-preview:large","max-video-preview":"max-video-preview:-1"},"canonical":"https:\/\/www.bright-science.com\/es\/nucleos-id-iot-e-smart-cities\/","og_locale":"es_ES","og_type":"article","og_title":"N\u00facleo de I&D - IoT e Smart Cities - Projeto co-financiado | Bright Science","og_description":"Cria\u00e7\u00e3o de um n\u00facleo de I&D dedicado ao ecossistema IoT e Smart Cities - produtos e solu\u00e7\u00f5es inovadores, fi\u00e1veis e de elevada performance.","og_url":"https:\/\/www.bright-science.com\/es\/nucleos-id-iot-e-smart-cities\/","og_site_name":"Bright Science","article_modified_time":"2020-10-20T10:36:09+00:00","twitter_card":"summary_large_image","twitter_misc":{"Tiempo de lectura":"3 minutos"},"schema":{"@context":"https:\/\/schema.org","@graph":[{"@type":"WebPage","@id":"https:\/\/www.bright-science.com\/es\/nucleos-id-iot-e-smart-cities\/","url":"https:\/\/www.bright-science.com\/es\/nucleos-id-iot-e-smart-cities\/","name":"N\u00facleo de I&D - IoT e Smart Cities - Projeto co-financiado | Bright Science","isPartOf":{"@id":"https:\/\/www.bright-science.com\/es\/#website"},"datePublished":"2020-10-06T15:17:03+00:00","dateModified":"2020-10-20T10:36:09+00:00","description":"Cria\u00e7\u00e3o de um n\u00facleo de I&D dedicado ao ecossistema IoT e Smart Cities - produtos e solu\u00e7\u00f5es inovadores, fi\u00e1veis e de elevada performance.","breadcrumb":{"@id":"https:\/\/www.bright-science.com\/es\/nucleos-id-iot-e-smart-cities\/#breadcrumb"},"inLanguage":"es","potentialAction":[{"@type":"ReadAction","target":["https:\/\/www.bright-science.com\/es\/nucleos-id-iot-e-smart-cities\/"]}]},{"@type":"BreadcrumbList","@id":"https:\/\/www.bright-science.com\/es\/nucleos-id-iot-e-smart-cities\/#breadcrumb","itemListElement":[{"@type":"ListItem","position":1,"name":"In\u00edcio","item":"https:\/\/www.bright-science.com\/es\/"},{"@type":"ListItem","position":2,"name":"N\u00facleos I&#038;D &#8211; Iot e Smart Cities"}]},{"@type":"WebSite","@id":"https:\/\/www.bright-science.com\/es\/#website","url":"https:\/\/www.bright-science.com\/es\/","name":"Bright Science","description":"Estudos de Engenharia e Ensaios","publisher":{"@id":"https:\/\/www.bright-science.com\/es\/#organization"},"potentialAction":[{"@type":"SearchAction","target":{"@type":"EntryPoint","urlTemplate":"https:\/\/www.bright-science.com\/es\/?s={search_term_string}"},"query-input":{"@type":"PropertyValueSpecification","valueRequired":true,"valueName":"search_term_string"}}],"inLanguage":"es"},{"@type":"Organization","@id":"https:\/\/www.bright-science.com\/es\/#organization","name":"Bright Science - Estudos de Engenharia e Ensaios","url":"https:\/\/www.bright-science.com\/es\/","logo":{"@type":"ImageObject","inLanguage":"es","@id":"https:\/\/www.bright-science.com\/es\/#\/schema\/logo\/image\/","url":"https:\/\/www.bright-science.com\/wp-content\/uploads\/2019\/02\/Logo-Bright-Science-Retina-Fundo-Claro.png","contentUrl":"https:\/\/www.bright-science.com\/wp-content\/uploads\/2019\/02\/Logo-Bright-Science-Retina-Fundo-Claro.png","width":600,"height":220,"caption":"Bright Science - Estudos de Engenharia e Ensaios"},"image":{"@id":"https:\/\/www.bright-science.com\/es\/#\/schema\/logo\/image\/"},"sameAs":["https:\/\/www.linkedin.com\/company\/bright-science\/"]}]}},"_links":{"self":[{"href":"https:\/\/www.bright-science.com\/es\/wp-json\/wp\/v2\/pages\/1328","targetHints":{"allow":["GET"]}}],"collection":[{"href":"https:\/\/www.bright-science.com\/es\/wp-json\/wp\/v2\/pages"}],"about":[{"href":"https:\/\/www.bright-science.com\/es\/wp-json\/wp\/v2\/types\/page"}],"author":[{"embeddable":true,"href":"https:\/\/www.bright-science.com\/es\/wp-json\/wp\/v2\/users\/5"}],"replies":[{"embeddable":true,"href":"https:\/\/www.bright-science.com\/es\/wp-json\/wp\/v2\/comments?post=1328"}],"version-history":[{"count":0,"href":"https:\/\/www.bright-science.com\/es\/wp-json\/wp\/v2\/pages\/1328\/revisions"}],"wp:attachment":[{"href":"https:\/\/www.bright-science.com\/es\/wp-json\/wp\/v2\/media?parent=1328"}],"curies":[{"name":"wp","href":"https:\/\/api.w.org\/{rel}","templated":true}]}}