{"id":1333,"date":"2020-10-02T16:17:24","date_gmt":"2020-10-02T16:17:24","guid":{"rendered":"http:\/\/www.bright-science.com\/projetos-co-financiados\/"},"modified":"2020-12-11T14:26:22","modified_gmt":"2020-12-11T14:26:22","slug":"co-financed-projects","status":"publish","type":"page","link":"https:\/\/www.bright-science.com\/en\/co-financed-projects\/","title":{"rendered":"Co-financed Projects"},"content":{"rendered":"<div class=\"wpb-content-wrapper\"><p>[vc_row type=&#8221;vc_default&#8221; css=&#8221;.vc_custom_1601998347466{margin-bottom: 100px !important;padding-top: 70px !important;}&#8221;][vc_column width=&#8221;1\/2&#8243;][vc_single_image image=&#8221;1298&#8243; img_size=&#8221;full&#8221;]<div id=\"ultimate-heading-546569e33b14b6708\" class=\"uvc-heading ult-adjust-bottom-margin ultimate-heading-546569e33b14b6708 uvc-2183 \" data-hspacer=\"no_spacer\"  data-halign=\"left\" style=\"text-align:left\"><div class=\"uvc-heading-spacer no_spacer\" style=\"top\"><\/div><div class=\"uvc-main-heading ult-responsive\"  data-ultimate-target='.uvc-heading.ultimate-heading-546569e33b14b6708 h3'  data-responsive-json-new='{\"font-size\":\"desktop:24px;\",\"line-height\":\"desktop:34px;\"}' ><h3 style=\"font-family:&#039;Roboto&#039;;font-weight:700;margin-top:30px;\">N\u00facleos de I&amp;D<\/h3><\/div><div class=\"uvc-sub-heading ult-responsive\"  data-ultimate-target='.uvc-heading.ultimate-heading-546569e33b14b6708 .uvc-sub-heading '  data-responsive-json-new='{\"font-size\":\"\",\"line-height\":\"\"}'  style=\"font-family:&#039;Roboto&#039;;font-weight:700;\"><\/p>\n<p class=\"fancy-title entry-title start-animation-done start-animation\">Investiga\u00e7\u00e3o e Desenvolvimento Tecnol\u00f3gico<\/p>\n<p><\/div><\/div>[vc_column_text css=&#8221;.vc_custom_1601998889605{margin-top: 20px !important;margin-bottom: 20px !important;}&#8221;]Cria\u00e7\u00e3o de um n\u00facleo de I&amp;D dedicado ao ecossistema IoT e Smart Cities, que posicionar\u00e1 a Bright Science no mercado internacional.[\/vc_column_text]<style type=\"text\/css\" data-type=\"the7_shortcodes-inline-css\">#default-btn-0ebcc1105f6336a14344ca36eac1dd35.ico-right-side > i {\n  margin-right: 0px;\n  margin-left: 8px;\n}\n#default-btn-0ebcc1105f6336a14344ca36eac1dd35 > i {\n  margin-right: 8px;\n}<\/style><div class=\"btn-align-left\"><a href=\"\/en\/nucleos-id-iot-e-smart-cities\/\" class=\"default-btn-shortcode dt-btn dt-btn-m link-hover-off  vc_custom_1602004236942\" id=\"default-btn-0ebcc1105f6336a14344ca36eac1dd35\"><span>Ver Projeto<\/span><\/a><\/div>[\/vc_column][vc_column width=&#8221;1\/2&#8243;][vc_single_image image=&#8221;1302&#8243; img_size=&#8221;full&#8221;]<div id=\"ultimate-heading-875469e33b14b695f\" class=\"uvc-heading ult-adjust-bottom-margin ultimate-heading-875469e33b14b695f uvc-7031 \" data-hspacer=\"no_spacer\"  data-halign=\"left\" style=\"text-align:left\"><div class=\"uvc-heading-spacer no_spacer\" style=\"top\"><\/div><div class=\"uvc-main-heading ult-responsive\"  data-ultimate-target='.uvc-heading.ultimate-heading-875469e33b14b695f h3'  data-responsive-json-new='{\"font-size\":\"desktop:24px;\",\"line-height\":\"desktop:34px;\"}' ><h3 style=\"font-family:&#039;Roboto&#039;;font-weight:700;margin-top:30px;\">RAHQ<\/h3><\/div><div class=\"uvc-sub-heading ult-responsive\"  data-ultimate-target='.uvc-heading.ultimate-heading-875469e33b14b695f .uvc-sub-heading '  data-responsive-json-new='{\"font-size\":\"\",\"line-height\":\"\"}'  style=\"font-family:&#039;Roboto&#039;;font-weight:700;\"><\/p>\n<p class=\"fancy-title entry-title start-animation-done start-animation\">Programa Operacional Regional do Alentejo<\/p>\n<p><\/div><\/div>[vc_column_text css=&#8221;.vc_custom_1601998849225{margin-top: 20px !important;margin-bottom: 20px !important;}&#8221;]Refor\u00e7ar a equipa de inova\u00e7\u00e3o e desenvolvimento de produtos da Bright Science com a contrata\u00e7\u00e3o de recursos humanos altamente especializados e qualificados.[\/vc_column_text]<style type=\"text\/css\" data-type=\"the7_shortcodes-inline-css\">#default-btn-d9945464cce2ba9fd0f4675288729834.ico-right-side > i {\n  margin-right: 0px;\n  margin-left: 8px;\n}\n#default-btn-d9945464cce2ba9fd0f4675288729834 > i {\n  margin-right: 8px;\n}<\/style><div class=\"btn-align-left\"><a href=\"\/en\/projeto-r-a-h-q\/\" class=\"default-btn-shortcode dt-btn dt-btn-m link-hover-off  vc_custom_1602004247807\" id=\"default-btn-d9945464cce2ba9fd0f4675288729834\"><span>Ver Projeto<\/span><\/a><\/div>[\/vc_column][\/vc_row][vc_row type=&#8221;vc_default&#8221; css=&#8221;.vc_custom_1607696603040{margin-bottom: 100px !important;}&#8221;][vc_column width=&#8221;1\/2&#8243;][vc_single_image image=&#8221;1496&#8243; img_size=&#8221;full&#8221;]<div id=\"ultimate-heading-835569e33b14b6a8f\" class=\"uvc-heading ult-adjust-bottom-margin ultimate-heading-835569e33b14b6a8f uvc-1089 \" data-hspacer=\"no_spacer\"  data-halign=\"left\" style=\"text-align:left\"><div class=\"uvc-heading-spacer no_spacer\" style=\"top\"><\/div><div class=\"uvc-main-heading ult-responsive\"  data-ultimate-target='.uvc-heading.ultimate-heading-835569e33b14b6a8f h3'  data-responsive-json-new='{\"font-size\":\"desktop:24px;\",\"line-height\":\"desktop:34px;\"}' ><h3 style=\"font-family:&#039;Roboto&#039;;font-weight:700;margin-top:30px;\">Social Distancing Monitoring System<\/h3><\/div><div class=\"uvc-sub-heading ult-responsive\"  data-ultimate-target='.uvc-heading.ultimate-heading-835569e33b14b6a8f .uvc-sub-heading '  data-responsive-json-new='{\"font-size\":\"\",\"line-height\":\"\"}'  style=\"font-family:&#039;Roboto&#039;;font-weight:700;\"><\/p>\n<p class=\"fancy-title entry-title start-animation-done start-animation\">Investiga\u00e7\u00e3o e Desenvolvimento Tecnol\u00f3gico<\/p>\n<p><\/div><\/div>[vc_column_text css=&#8221;.vc_custom_1607696704921{margin-top: 20px !important;margin-bottom: 20px !important;}&#8221;]Desenvolvimento de um sistema de monitoriza\u00e7\u00e3o da lota\u00e7\u00e3o de um espa\u00e7o, que calcula a densidade populacional para promover o distanciamento social e identificar fluxos e padr\u00f5es de movimenta\u00e7\u00e3o.[\/vc_column_text]<style type=\"text\/css\" data-type=\"the7_shortcodes-inline-css\">#default-btn-32a9290ce9bfe2d71df5f9a76679103a.ico-right-side > i {\n  margin-right: 0px;\n  margin-left: 8px;\n}\n#default-btn-32a9290ce9bfe2d71df5f9a76679103a > i {\n  margin-right: 8px;\n}<\/style><div class=\"btn-align-left\"><a href=\"\/en\/sdms-social-distancing-monitoring-system\/\" class=\"default-btn-shortcode dt-btn dt-btn-m link-hover-off  vc_custom_1607696737645\" id=\"default-btn-32a9290ce9bfe2d71df5f9a76679103a\"><span>Ver Projeto<\/span><\/a><\/div>[\/vc_column][vc_column width=&#8221;1\/2&#8243;][\/vc_column][\/vc_row]<\/p>\n<\/div>","protected":false},"excerpt":{"rendered":"<p>[vc_row type=&#8221;vc_default&#8221; css=&#8221;.vc_custom_1601998347466{margin-bottom: 100px !important;padding-top: 70px !important;}&#8221;][vc_column width=&#8221;1\/2&#8243;][vc_single_image image=&#8221;1298&#8243; img_size=&#8221;full&#8221;][vc_column_text css=&#8221;.vc_custom_1601998889605{margin-top: 20px !important;margin-bottom: 20px !important;}&#8221;]Cria\u00e7\u00e3o de um n\u00facleo de I&amp;D dedicado ao ecossistema IoT e Smart Cities, que posicionar\u00e1 a Bright Science no mercado internacional.[\/vc_column_text][\/vc_column][vc_column width=&#8221;1\/2&#8243;][vc_single_image image=&#8221;1302&#8243; img_size=&#8221;full&#8221;][vc_column_text css=&#8221;.vc_custom_1601998849225{margin-top: 20px !important;margin-bottom: 20px !important;}&#8221;]Refor\u00e7ar a equipa de inova\u00e7\u00e3o e desenvolvimento de produtos da Bright Science com&hellip;<\/p>\n","protected":false},"author":5,"featured_media":0,"parent":0,"menu_order":0,"comment_status":"closed","ping_status":"closed","template":"","meta":{"footnotes":""},"class_list":["post-1333","page","type-page","status-publish","hentry","description-off"],"yoast_head":"<!-- This site is optimized with the Yoast SEO plugin v27.2 - https:\/\/yoast.com\/product\/yoast-seo-wordpress\/ -->\n<title>Co-financed projects unver devolpment| Bright Science<\/title>\n<meta name=\"description\" content=\"Co-financed projects currently under development by Bright Science | Bright Science - Engineering, IoT, Smart Cities.\" \/>\n<meta name=\"robots\" content=\"index, follow, max-snippet:-1, max-image-preview:large, max-video-preview:-1\" \/>\n<link rel=\"canonical\" href=\"https:\/\/www.bright-science.com\/en\/co-financed-projects\/\" \/>\n<meta property=\"og:locale\" content=\"en_US\" \/>\n<meta property=\"og:type\" content=\"article\" \/>\n<meta property=\"og:title\" content=\"Co-financed projects unver devolpment| Bright Science\" \/>\n<meta property=\"og:description\" content=\"Co-financed projects currently under development by Bright Science | Bright Science - Engineering, IoT, Smart Cities.\" \/>\n<meta property=\"og:url\" content=\"https:\/\/www.bright-science.com\/en\/co-financed-projects\/\" \/>\n<meta property=\"og:site_name\" content=\"Bright Science\" \/>\n<meta property=\"article:modified_time\" content=\"2020-12-11T14:26:22+00:00\" \/>\n<meta name=\"twitter:card\" content=\"summary_large_image\" \/>\n<meta name=\"twitter:label1\" content=\"Est. reading time\" \/>\n\t<meta name=\"twitter:data1\" content=\"2 minutes\" \/>\n<script type=\"application\/ld+json\" class=\"yoast-schema-graph\">{\"@context\":\"https:\/\/schema.org\",\"@graph\":[{\"@type\":\"WebPage\",\"@id\":\"https:\/\/www.bright-science.com\/en\/co-financed-projects\/\",\"url\":\"https:\/\/www.bright-science.com\/en\/co-financed-projects\/\",\"name\":\"Co-financed projects unver devolpment| Bright Science\",\"isPartOf\":{\"@id\":\"https:\/\/www.bright-science.com\/en\/#website\"},\"datePublished\":\"2020-10-02T16:17:24+00:00\",\"dateModified\":\"2020-12-11T14:26:22+00:00\",\"description\":\"Co-financed projects currently under development by Bright Science | Bright Science - Engineering, IoT, Smart Cities.\",\"breadcrumb\":{\"@id\":\"https:\/\/www.bright-science.com\/en\/co-financed-projects\/#breadcrumb\"},\"inLanguage\":\"en-US\",\"potentialAction\":[{\"@type\":\"ReadAction\",\"target\":[\"https:\/\/www.bright-science.com\/en\/co-financed-projects\/\"]}]},{\"@type\":\"BreadcrumbList\",\"@id\":\"https:\/\/www.bright-science.com\/en\/co-financed-projects\/#breadcrumb\",\"itemListElement\":[{\"@type\":\"ListItem\",\"position\":1,\"name\":\"In\u00edcio\",\"item\":\"https:\/\/www.bright-science.com\/en\/\"},{\"@type\":\"ListItem\",\"position\":2,\"name\":\"Co-financed Projects\"}]},{\"@type\":\"WebSite\",\"@id\":\"https:\/\/www.bright-science.com\/en\/#website\",\"url\":\"https:\/\/www.bright-science.com\/en\/\",\"name\":\"Bright Science\",\"description\":\"Estudos de Engenharia e Ensaios\",\"publisher\":{\"@id\":\"https:\/\/www.bright-science.com\/en\/#organization\"},\"potentialAction\":[{\"@type\":\"SearchAction\",\"target\":{\"@type\":\"EntryPoint\",\"urlTemplate\":\"https:\/\/www.bright-science.com\/en\/?s={search_term_string}\"},\"query-input\":{\"@type\":\"PropertyValueSpecification\",\"valueRequired\":true,\"valueName\":\"search_term_string\"}}],\"inLanguage\":\"en-US\"},{\"@type\":\"Organization\",\"@id\":\"https:\/\/www.bright-science.com\/en\/#organization\",\"name\":\"Bright Science - Estudos de Engenharia e Ensaios\",\"url\":\"https:\/\/www.bright-science.com\/en\/\",\"logo\":{\"@type\":\"ImageObject\",\"inLanguage\":\"en-US\",\"@id\":\"https:\/\/www.bright-science.com\/en\/#\/schema\/logo\/image\/\",\"url\":\"https:\/\/www.bright-science.com\/wp-content\/uploads\/2019\/02\/Logo-Bright-Science-Retina-Fundo-Claro.png\",\"contentUrl\":\"https:\/\/www.bright-science.com\/wp-content\/uploads\/2019\/02\/Logo-Bright-Science-Retina-Fundo-Claro.png\",\"width\":600,\"height\":220,\"caption\":\"Bright Science - Estudos de Engenharia e Ensaios\"},\"image\":{\"@id\":\"https:\/\/www.bright-science.com\/en\/#\/schema\/logo\/image\/\"},\"sameAs\":[\"https:\/\/www.linkedin.com\/company\/bright-science\/\"]}]}<\/script>\n<!-- \/ Yoast SEO plugin. -->","yoast_head_json":{"title":"Co-financed projects unver devolpment| Bright Science","description":"Co-financed projects currently under development by Bright Science | Bright Science - Engineering, IoT, Smart Cities.","robots":{"index":"index","follow":"follow","max-snippet":"max-snippet:-1","max-image-preview":"max-image-preview:large","max-video-preview":"max-video-preview:-1"},"canonical":"https:\/\/www.bright-science.com\/en\/co-financed-projects\/","og_locale":"en_US","og_type":"article","og_title":"Co-financed projects unver devolpment| Bright Science","og_description":"Co-financed projects currently under development by Bright Science | Bright Science - Engineering, IoT, Smart Cities.","og_url":"https:\/\/www.bright-science.com\/en\/co-financed-projects\/","og_site_name":"Bright Science","article_modified_time":"2020-12-11T14:26:22+00:00","twitter_card":"summary_large_image","twitter_misc":{"Est. reading time":"2 minutes"},"schema":{"@context":"https:\/\/schema.org","@graph":[{"@type":"WebPage","@id":"https:\/\/www.bright-science.com\/en\/co-financed-projects\/","url":"https:\/\/www.bright-science.com\/en\/co-financed-projects\/","name":"Co-financed projects unver devolpment| Bright Science","isPartOf":{"@id":"https:\/\/www.bright-science.com\/en\/#website"},"datePublished":"2020-10-02T16:17:24+00:00","dateModified":"2020-12-11T14:26:22+00:00","description":"Co-financed projects currently under development by Bright Science | Bright Science - Engineering, IoT, Smart Cities.","breadcrumb":{"@id":"https:\/\/www.bright-science.com\/en\/co-financed-projects\/#breadcrumb"},"inLanguage":"en-US","potentialAction":[{"@type":"ReadAction","target":["https:\/\/www.bright-science.com\/en\/co-financed-projects\/"]}]},{"@type":"BreadcrumbList","@id":"https:\/\/www.bright-science.com\/en\/co-financed-projects\/#breadcrumb","itemListElement":[{"@type":"ListItem","position":1,"name":"In\u00edcio","item":"https:\/\/www.bright-science.com\/en\/"},{"@type":"ListItem","position":2,"name":"Co-financed Projects"}]},{"@type":"WebSite","@id":"https:\/\/www.bright-science.com\/en\/#website","url":"https:\/\/www.bright-science.com\/en\/","name":"Bright Science","description":"Estudos de Engenharia e Ensaios","publisher":{"@id":"https:\/\/www.bright-science.com\/en\/#organization"},"potentialAction":[{"@type":"SearchAction","target":{"@type":"EntryPoint","urlTemplate":"https:\/\/www.bright-science.com\/en\/?s={search_term_string}"},"query-input":{"@type":"PropertyValueSpecification","valueRequired":true,"valueName":"search_term_string"}}],"inLanguage":"en-US"},{"@type":"Organization","@id":"https:\/\/www.bright-science.com\/en\/#organization","name":"Bright Science - Estudos de Engenharia e Ensaios","url":"https:\/\/www.bright-science.com\/en\/","logo":{"@type":"ImageObject","inLanguage":"en-US","@id":"https:\/\/www.bright-science.com\/en\/#\/schema\/logo\/image\/","url":"https:\/\/www.bright-science.com\/wp-content\/uploads\/2019\/02\/Logo-Bright-Science-Retina-Fundo-Claro.png","contentUrl":"https:\/\/www.bright-science.com\/wp-content\/uploads\/2019\/02\/Logo-Bright-Science-Retina-Fundo-Claro.png","width":600,"height":220,"caption":"Bright Science - Estudos de Engenharia e Ensaios"},"image":{"@id":"https:\/\/www.bright-science.com\/en\/#\/schema\/logo\/image\/"},"sameAs":["https:\/\/www.linkedin.com\/company\/bright-science\/"]}]}},"_links":{"self":[{"href":"https:\/\/www.bright-science.com\/en\/wp-json\/wp\/v2\/pages\/1333","targetHints":{"allow":["GET"]}}],"collection":[{"href":"https:\/\/www.bright-science.com\/en\/wp-json\/wp\/v2\/pages"}],"about":[{"href":"https:\/\/www.bright-science.com\/en\/wp-json\/wp\/v2\/types\/page"}],"author":[{"embeddable":true,"href":"https:\/\/www.bright-science.com\/en\/wp-json\/wp\/v2\/users\/5"}],"replies":[{"embeddable":true,"href":"https:\/\/www.bright-science.com\/en\/wp-json\/wp\/v2\/comments?post=1333"}],"version-history":[{"count":0,"href":"https:\/\/www.bright-science.com\/en\/wp-json\/wp\/v2\/pages\/1333\/revisions"}],"wp:attachment":[{"href":"https:\/\/www.bright-science.com\/en\/wp-json\/wp\/v2\/media?parent=1333"}],"curies":[{"name":"wp","href":"https:\/\/api.w.org\/{rel}","templated":true}]}}